{"id":4024,"date":"2022-08-01T18:50:08","date_gmt":"2022-08-01T18:50:08","guid":{"rendered":"http:\/\/box5721.temp.domains\/~paocastr\/?page_id=4024"},"modified":"2023-04-01T02:04:07","modified_gmt":"2023-04-01T02:04:07","slug":"faqs","status":"publish","type":"page","link":"https:\/\/paocastro.com\/es\/faqs\/","title":{"rendered":"Preguntas Frecuentes"},"content":{"rendered":"<div data-elementor-type=\"wp-page\" data-elementor-id=\"4024\" class=\"elementor elementor-4024\" data-elementor-post-type=\"page\">\n\t\t\t\t\t\t<section class=\"has_eae_slider elementor-section elementor-top-section elementor-element elementor-element-2f9e245 elementor-section-boxed elementor-section-height-default elementor-section-height-default\" data-eae-slider=\"57858\" data-id=\"2f9e245\" data-element_type=\"section\" data-e-type=\"section\">\n\t\t\t\t\t\t<div class=\"elementor-container elementor-column-gap-default\">\n\t\t\t\t\t<div class=\"has_eae_slider elementor-column elementor-col-100 elementor-top-column elementor-element elementor-element-f6adc18\" data-eae-slider=\"44583\" data-id=\"f6adc18\" data-element_type=\"column\" data-e-type=\"column\">\n\t\t\t<div class=\"elementor-widget-wrap elementor-element-populated\">\n\t\t\t\t\t\t<div class=\"elementor-element elementor-element-1a5746d elementor-widget elementor-widget-spacer\" data-id=\"1a5746d\" data-element_type=\"widget\" data-e-type=\"widget\" data-widget_type=\"spacer.default\">\n\t\t\t\t<div class=\"elementor-widget-container\">\n\t\t\t\t\t\t\t<div class=\"elementor-spacer\">\n\t\t\t<div class=\"elementor-spacer-inner\"><\/div>\n\t\t<\/div>\n\t\t\t\t\t\t<\/div>\n\t\t\t\t<\/div>\n\t\t\t\t\t<\/div>\n\t\t<\/div>\n\t\t\t\t\t<\/div>\n\t\t<\/section>\n\t\t\t\t<section class=\"has_eae_slider elementor-section elementor-top-section elementor-element elementor-element-30bf253 elementor-section-boxed elementor-section-height-default elementor-section-height-default\" data-eae-slider=\"95249\" data-id=\"30bf253\" data-element_type=\"section\" data-e-type=\"section\">\n\t\t\t\t\t\t<div class=\"elementor-container elementor-column-gap-default\">\n\t\t\t\t\t<div class=\"has_eae_slider elementor-column elementor-col-100 elementor-top-column elementor-element elementor-element-0b85706\" data-eae-slider=\"3482\" data-id=\"0b85706\" data-element_type=\"column\" data-e-type=\"column\">\n\t\t\t<div class=\"elementor-widget-wrap elementor-element-populated\">\n\t\t\t\t\t\t<div class=\"elementor-element elementor-element-b538491 elementor-widget__width-inherit elementor-widget-tablet__width-inherit elementor-invisible elementor-widget elementor-widget-heading\" data-id=\"b538491\" data-element_type=\"widget\" data-e-type=\"widget\" data-settings=\"{&quot;_animation&quot;:&quot;fadeIn&quot;}\" data-widget_type=\"heading.default\">\n\t\t\t\t<div class=\"elementor-widget-container\">\n\t\t\t\t\t<h2 class=\"elementor-heading-title elementor-size-default\">Preguntas Frecuentes<\/h2>\t\t\t\t<\/div>\n\t\t\t\t<\/div>\n\t\t\t\t\t<\/div>\n\t\t<\/div>\n\t\t\t\t\t<\/div>\n\t\t<\/section>\n\t\t\t\t<section class=\"has_eae_slider elementor-section elementor-top-section elementor-element elementor-element-486d3cf elementor-section-boxed elementor-section-height-default elementor-section-height-default\" data-eae-slider=\"284\" data-id=\"486d3cf\" data-element_type=\"section\" data-e-type=\"section\">\n\t\t\t\t\t\t<div class=\"elementor-container elementor-column-gap-default\">\n\t\t\t\t\t<div class=\"has_eae_slider elementor-column elementor-col-100 elementor-top-column elementor-element elementor-element-a85ae46\" data-eae-slider=\"43573\" data-id=\"a85ae46\" data-element_type=\"column\" data-e-type=\"column\">\n\t\t\t<div class=\"elementor-widget-wrap elementor-element-populated\">\n\t\t\t\t\t\t<div class=\"elementor-element elementor-element-1876d9f elementor-invisible elementor-widget elementor-widget-text-editor\" data-id=\"1876d9f\" data-element_type=\"widget\" data-e-type=\"widget\" data-settings=\"{&quot;_animation&quot;:&quot;fadeIn&quot;}\" data-widget_type=\"text-editor.default\">\n\t\t\t\t<div class=\"elementor-widget-container\">\n\t\t\t\t\t\t\t\t\t<p class=\"sqsrte-small preFlex flexIn\"><strong>estoy ubicado en costa rica, \u00bfcu\u00e1l es su pol\u00edtica de devoluci\u00f3n?<\/strong><\/p><p>\u00a0<\/p><p class=\"sqsrte-small preFlex flexIn\">con gusto aceptamos devoluciones en su estado original (sin usar ni modificar) con etiquetas y forros adjuntos para un cambio o cr\u00e9dito de la tienda, siempre que se cumplan las siguientes condiciones:<\/p><ul data-rte-list=\"default\"><li><p class=\"sqsrte-small preFlex flexIn\">la devoluci\u00f3n se recibe dentro de los 30 d\u00edas posteriores a la fecha de entrega.<\/p><\/li><li><p class=\"sqsrte-small preFlex flexIn\">cualquier prenda que sea defectuosa debido a la fabricaci\u00f3n del producto.<\/p><\/li><li><p class=\"sqsrte-small preFlex flexIn\">las prendas manchadas y\/o desgarradas por una incorrecta manipulaci\u00f3n por parte del usuario no son consideradas para devoluci\u00f3n.<\/p><\/li><li><p class=\"sqsrte-small preFlex flexIn\">que por alg\u00fan motivo se seleccione la talla incorrecta o que la talla no se corresponda con la talla correcta del comprador.<\/p><\/li><\/ul><p class=\"sqsrte-small preFlex flexIn\">comun\u00edquese con nuestro equipo de servicio al cliente a trav\u00e9s de nuestro correo electr\u00f3nico: contact-us@paocastro.com si necesita comenzar su solicitud de devoluci\u00f3n. el cambio o cr\u00e9dito de la tienda se procesar\u00e1 dentro de los 14 d\u00edas h\u00e1biles a partir de la fecha del paquete devuelto.<\/p><p>\u00a0<\/p><p class=\"sqsrte-small preFlex flexIn\"><strong>soy un cliente internacional (fuera de costa rica), \u00bfcu\u00e1l es su pol\u00edtica de devoluci\u00f3n?<\/strong><\/p><p>\u00a0<\/p><p class=\"sqsrte-small preFlex flexIn\">con gusto aceptamos devoluciones en condiciones originales (sin usar, sin usar y sin alterar) con etiquetas y forros adjuntos para un intercambio o cr\u00e9dito de la tienda, siempre que se cumplan las siguientes condiciones:<\/p><ul data-rte-list=\"default\"><li><p class=\"sqsrte-small preFlex flexIn\">la devoluci\u00f3n se recibe dentro de los 30 d\u00edas posteriores a la fecha de entrega.<\/p><\/li><li><p class=\"sqsrte-small preFlex flexIn\">cualquier prenda que sea defectuosa debido a la fabricaci\u00f3n del producto.<\/p><\/li><li><p class=\"sqsrte-small preFlex flexIn\">las prendas manchadas y\/o desgarradas por una incorrecta manipulaci\u00f3n por parte del usuario no son consideradas para devoluci\u00f3n.<\/p><\/li><li><p class=\"sqsrte-small preFlex flexIn\">que por alg\u00fan motivo se seleccione la talla incorrecta o que la talla no se corresponda con la talla correcta del comprador.<\/p><\/li><\/ul><p class=\"sqsrte-small preFlex flexIn\">tenga en cuenta que no proporcionamos etiquetas de devoluci\u00f3n ni cubrimos ning\u00fan costo incurrido al enviar su devoluci\u00f3n. Si necesita iniciar su solicitud de devoluci\u00f3n internacional, env\u00ede un correo electr\u00f3nico a nuestro equipo de servicio al cliente a trav\u00e9s de nuestro correo electr\u00f3nico: contact-us@paocastro.com. el cambio o cr\u00e9dito de la tienda se procesar\u00e1 dentro de los 14 d\u00edas h\u00e1biles a partir de la fecha del paquete devuelto.<\/p><p>\u00a0<\/p><p class=\"sqsrte-small preFlex flexIn\"><strong>\u00bfCu\u00e1ndo se completar\u00e1 mi pedido?<\/strong><\/p><p>\u00a0<\/p><p class=\"sqsrte-small preFlex flexIn\">nuestro equipo cumplir\u00e1 con su pedido dentro de 1-5 d\u00edas h\u00e1biles. por lo general, nuestro objetivo es cumplir con todos los paquetes dentro de 2-3 d\u00edas h\u00e1biles. una vez que se haya completado su paquete, se enviar\u00e1 un correo electr\u00f3nico confirmando el n\u00famero de seguimiento.<\/p><p>\u00a0<\/p><p class=\"sqsrte-small preFlex flexIn\">tenga en cuenta que no cumplimos con los pedidos durante el fin de semana y cualquier pedido acelerado realizado despu\u00e9s de las 12:30 p. m., se cumplir\u00e1 el siguiente d\u00eda h\u00e1bil.\u00a0<\/p><p>\u00a0<\/p><p class=\"sqsrte-small preFlex flexIn\"><strong>si estoy ubicado en costa rica, \u00bfcu\u00e1ndo llegar\u00e1 mi pedido?<\/strong><\/p><p>\u00a0<\/p><p class=\"sqsrte-small preFlex flexIn\">una vez que se haya enviado su pedido, solicitamos de 1 a 5 d\u00edas h\u00e1biles para la entrega. tenga en cuenta que los paquetes est\u00e1n sujetos a demoras por parte del transportista.<\/p><p>\u00a0<\/p><p class=\"sqsrte-small preFlex flexIn\"><strong>soy un cliente internacional (fuera de costa rica), \u00bfcu\u00e1l es su pol\u00edtica de devoluci\u00f3n?<\/strong><\/p><p>\u00a0<\/p><p class=\"sqsrte-small preFlex flexIn\">cumplimos con todos los pedidos internacionales a trav\u00e9s de correos de costa rica env\u00edo acelerado. una vez que su pedido ha sido enviado, solicitamos aproximadamente de 5 a 15 d\u00edas h\u00e1biles para la entrega (dependiendo de la ubicaci\u00f3n del env\u00edo). tenga en cuenta que los paquetes est\u00e1n sujetos a demoras del transportista y todos los paquetes internacionales incurrir\u00e1n en impuestos por parte de su gobierno local.<\/p><p>\u00a0<\/p><p class=\"sqsrte-small preFlex flexIn\">Si tiene alguna pregunta sobre la devoluci\u00f3n exacta seg\u00fan su ubicaci\u00f3n, comun\u00edquese con nuestro equipo de servicio al cliente a trav\u00e9s de nuestro correo electr\u00f3nico: contact-us@paocastro.com.<\/p>\t\t\t\t\t\t\t\t<\/div>\n\t\t\t\t<\/div>\n\t\t\t\t\t<\/div>\n\t\t<\/div>\n\t\t\t\t\t<\/div>\n\t\t<\/section>\n\t\t\t\t<section class=\"has_eae_slider elementor-section elementor-top-section elementor-element elementor-element-b0d7c5d elementor-section-boxed elementor-section-height-default elementor-section-height-default\" data-eae-slider=\"33467\" data-id=\"b0d7c5d\" data-element_type=\"section\" data-e-type=\"section\">\n\t\t\t\t\t\t<div class=\"elementor-container elementor-column-gap-default\">\n\t\t\t\t\t<div class=\"has_eae_slider elementor-column elementor-col-100 elementor-top-column elementor-element elementor-element-aebb2f1\" data-eae-slider=\"64170\" data-id=\"aebb2f1\" data-element_type=\"column\" data-e-type=\"column\">\n\t\t\t<div class=\"elementor-widget-wrap elementor-element-populated\">\n\t\t\t\t\t\t<div class=\"elementor-element elementor-element-a59a79f elementor-widget elementor-widget-spacer\" data-id=\"a59a79f\" data-element_type=\"widget\" data-e-type=\"widget\" data-widget_type=\"spacer.default\">\n\t\t\t\t<div class=\"elementor-widget-container\">\n\t\t\t\t\t\t\t<div class=\"elementor-spacer\">\n\t\t\t<div class=\"elementor-spacer-inner\"><\/div>\n\t\t<\/div>\n\t\t\t\t\t\t<\/div>\n\t\t\t\t<\/div>\n\t\t\t\t\t<\/div>\n\t\t<\/div>\n\t\t\t\t\t<\/div>\n\t\t<\/section>\n\t\t\t\t<section class=\"has_eae_slider elementor-section elementor-top-section elementor-element elementor-element-98edfca elementor-section-boxed elementor-section-height-default elementor-section-height-default\" data-eae-slider=\"68912\" data-id=\"98edfca\" data-element_type=\"section\" data-e-type=\"section\">\n\t\t\t\t\t\t<div class=\"elementor-container elementor-column-gap-default\">\n\t\t\t\t\t<div class=\"has_eae_slider elementor-column elementor-col-100 elementor-top-column elementor-element elementor-element-1a66019\" data-eae-slider=\"11389\" data-id=\"1a66019\" data-element_type=\"column\" data-e-type=\"column\">\n\t\t\t<div class=\"elementor-widget-wrap elementor-element-populated\">\n\t\t\t\t\t\t<div class=\"elementor-element elementor-element-668312b elementor-widget-divider--view-line elementor-widget elementor-widget-divider\" data-id=\"668312b\" data-element_type=\"widget\" data-e-type=\"widget\" data-widget_type=\"divider.default\">\n\t\t\t\t<div class=\"elementor-widget-container\">\n\t\t\t\t\t\t\t<div class=\"elementor-divider\">\n\t\t\t<span class=\"elementor-divider-separator\">\n\t\t\t\t\t\t<\/span>\n\t\t<\/div>\n\t\t\t\t\t\t<\/div>\n\t\t\t\t<\/div>\n\t\t\t\t\t<\/div>\n\t\t<\/div>\n\t\t\t\t\t<\/div>\n\t\t<\/section>\n\t\t\t\t<\/div>","protected":false},"excerpt":{"rendered":"<p>FAQ&#8217;s i am located in costa rica, what is your return policy? \u00a0 we happily accept returns in original condition (unused and unaltered) with tags and liners attached for either an exchange or store credit, as long as the following conditions are met: the return is received within 30 days after date of delivery. any [&hellip;]<\/p>\n","protected":false},"author":1,"featured_media":0,"parent":0,"menu_order":0,"comment_status":"closed","ping_status":"closed","template":"","meta":{"_monsterinsights_skip_tracking":false,"_monsterinsights_sitenote_active":false,"_monsterinsights_sitenote_note":"","_monsterinsights_sitenote_category":0,"site-sidebar-layout":"no-sidebar","site-content-layout":"page-builder","ast-site-content-layout":"","site-content-style":"default","site-sidebar-style":"default","ast-global-header-display":"","ast-banner-title-visibility":"","ast-main-header-display":"","ast-hfb-above-header-display":"","ast-hfb-below-header-display":"","ast-hfb-mobile-header-display":"","site-post-title":"disabled","ast-breadcrumbs-content":"","ast-featured-img":"disabled","footer-sml-layout":"","theme-transparent-header-meta":"","adv-header-id-meta":"","stick-header-meta":"","header-above-stick-meta":"","header-main-stick-meta":"","header-below-stick-meta":"","astra-migrate-meta-layouts":"default","ast-page-background-enabled":"default","ast-page-background-meta":{"desktop":{"background-color":"","background-image":"","background-repeat":"repeat","background-position":"center center","background-size":"auto","background-attachment":"scroll","background-type":"","background-media":"","overlay-type":"","overlay-color":"","overlay-opacity":"","overlay-gradient":""},"tablet":{"background-color":"","background-image":"","background-repeat":"repeat","background-position":"center center","background-size":"auto","background-attachment":"scroll","background-type":"","background-media":"","overlay-type":"","overlay-color":"","overlay-opacity":"","overlay-gradient":""},"mobile":{"background-color":"","background-image":"","background-repeat":"repeat","background-position":"center center","background-size":"auto","background-attachment":"scroll","background-type":"","background-media":"","overlay-type":"","overlay-color":"","overlay-opacity":"","overlay-gradient":""}},"ast-content-background-meta":{"desktop":{"background-color":"var(--ast-global-color-5)","background-image":"","background-repeat":"repeat","background-position":"center center","background-size":"auto","background-attachment":"scroll","background-type":"","background-media":"","overlay-type":"","overlay-color":"","overlay-opacity":"","overlay-gradient":""},"tablet":{"background-color":"var(--ast-global-color-5)","background-image":"","background-repeat":"repeat","background-position":"center center","background-size":"auto","background-attachment":"scroll","background-type":"","background-media":"","overlay-type":"","overlay-color":"","overlay-opacity":"","overlay-gradient":""},"mobile":{"background-color":"var(--ast-global-color-5)","background-image":"","background-repeat":"repeat","background-position":"center center","background-size":"auto","background-attachment":"scroll","background-type":"","background-media":"","overlay-type":"","overlay-color":"","overlay-opacity":"","overlay-gradient":""}},"advanced_seo_description":"","jetpack_seo_html_title":"","jetpack_seo_noindex":false,"footnotes":""},"class_list":["post-4024","page","type-page","status-publish","hentry"],"jetpack-related-posts":[{"id":43,"url":"https:\/\/paocastro.com\/es\/about\/","url_meta":{"origin":4024,"position":0},"title":"Acerca","author":"jabamo90","date":"diciembre 17, 2017","format":false,"excerpt":"About Us Welcome to Pao Castro, a designer brand that is handcrafted and designed in Costa Rica by the talented fashion designer, Pao Castro. Our brand is recognized for producing high-quality, eco-friendly swimwear that is unique and designed to empower women around the world.\u00a0We pride ourselves on using only the\u2026","rel":"","context":"Entrada similar ","block_context":{"text":"Entrada similar ","link":""},"img":{"alt_text":"","src":"https:\/\/i0.wp.com\/paocastro.com\/wp-content\/uploads\/2022\/09\/Compressed-web-223-of-248.jpg?resize=350%2C200&ssl=1","width":350,"height":200,"srcset":"https:\/\/i0.wp.com\/paocastro.com\/wp-content\/uploads\/2022\/09\/Compressed-web-223-of-248.jpg?resize=350%2C200&ssl=1 1x, https:\/\/i0.wp.com\/paocastro.com\/wp-content\/uploads\/2022\/09\/Compressed-web-223-of-248.jpg?resize=525%2C300&ssl=1 1.5x, https:\/\/i0.wp.com\/paocastro.com\/wp-content\/uploads\/2022\/09\/Compressed-web-223-of-248.jpg?resize=700%2C400&ssl=1 2x"},"classes":[]},{"id":4025,"url":"https:\/\/paocastro.com\/es\/privacy-policy\/","url_meta":{"origin":4024,"position":1},"title":"Pol\u00edtica de Privacidad","author":"jabamo90","date":"agosto 1, 2022","format":false,"excerpt":"Privacy Policy your privacy is important to us. any information that you provide through our page remains strictly private. we do not share or sell information to third parties, nor use personal information for any reason other than its intended use.\u00a0we undertake to comply with the terms of our privacy\u2026","rel":"","context":"Entrada similar ","block_context":{"text":"Entrada similar ","link":""},"img":{"alt_text":"","src":"","width":0,"height":0},"classes":[]},{"id":38,"url":"https:\/\/paocastro.com\/es\/store\/","url_meta":{"origin":4024,"position":2},"title":"Comprar","author":"jabamo90","date":"diciembre 17, 2017","format":false,"excerpt":"","rel":"","context":"Entrada similar ","block_context":{"text":"Entrada similar ","link":""},"img":{"alt_text":"","src":"","width":0,"height":0},"classes":[]},{"id":41,"url":"https:\/\/paocastro.com\/es\/my-account\/","url_meta":{"origin":4024,"position":3},"title":"Mi Cuenta","author":"jabamo90","date":"diciembre 17, 2017","format":false,"excerpt":"My Account [woocommerce_my_account] Dashboard Orders Addresses Account Details Logout Hello jabamo90 (not jabamo90? Log out) From your account dashboard you can view your recent orders, manage your shipping and billing addresses, and edit your password and account details.","rel":"","context":"Entrada similar ","block_context":{"text":"Entrada similar ","link":""},"img":{"alt_text":"","src":"","width":0,"height":0},"classes":[]},{"id":4026,"url":"https:\/\/paocastro.com\/es\/terms-conditions\/","url_meta":{"origin":4024,"position":4},"title":"T\u00e9rminos &amp; Condiciones","author":"jabamo90","date":"agosto 1, 2022","format":false,"excerpt":"Terms & Conditions The terms and conditions set out below are to be applied to the use of this website. by using this website, you agree to be bound by these terms and conditions. if you do not agree to be bound by these terms and conditions, you may not\u2026","rel":"","context":"Entrada similar ","block_context":{"text":"Entrada similar ","link":""},"img":{"alt_text":"","src":"","width":0,"height":0},"classes":[]},{"id":39,"url":"https:\/\/paocastro.com\/es\/cart\/","url_meta":{"origin":4024,"position":5},"title":"Carrito","author":"jabamo90","date":"diciembre 17, 2017","format":false,"excerpt":"Carrito","rel":"","context":"Entrada similar ","block_context":{"text":"Entrada similar ","link":""},"img":{"alt_text":"","src":"","width":0,"height":0},"classes":[]}],"jetpack_shortlink":"https:\/\/wp.me\/Pea2PE-12U","jetpack_sharing_enabled":true,"_links":{"self":[{"href":"https:\/\/paocastro.com\/es\/wp-json\/wp\/v2\/pages\/4024","targetHints":{"allow":["GET"]}}],"collection":[{"href":"https:\/\/paocastro.com\/es\/wp-json\/wp\/v2\/pages"}],"about":[{"href":"https:\/\/paocastro.com\/es\/wp-json\/wp\/v2\/types\/page"}],"author":[{"embeddable":true,"href":"https:\/\/paocastro.com\/es\/wp-json\/wp\/v2\/users\/1"}],"replies":[{"embeddable":true,"href":"https:\/\/paocastro.com\/es\/wp-json\/wp\/v2\/comments?post=4024"}],"version-history":[{"count":0,"href":"https:\/\/paocastro.com\/es\/wp-json\/wp\/v2\/pages\/4024\/revisions"}],"wp:attachment":[{"href":"https:\/\/paocastro.com\/es\/wp-json\/wp\/v2\/media?parent=4024"}],"curies":[{"name":"wp","href":"https:\/\/api.w.org\/{rel}","templated":true}]}}