{"id":4025,"date":"2022-08-01T18:50:08","date_gmt":"2022-08-01T18:50:08","guid":{"rendered":"http:\/\/box5721.temp.domains\/~paocastr\/?page_id=4025"},"modified":"2023-04-01T02:02:59","modified_gmt":"2023-04-01T02:02:59","slug":"privacy-policy","status":"publish","type":"page","link":"https:\/\/paocastro.com\/es\/privacy-policy\/","title":{"rendered":"Pol\u00edtica de Privacidad"},"content":{"rendered":"<div data-elementor-type=\"wp-page\" data-elementor-id=\"4025\" class=\"elementor elementor-4025\" data-elementor-post-type=\"page\">\n\t\t\t\t\t\t<section class=\"has_eae_slider elementor-section elementor-top-section elementor-element elementor-element-e432036 elementor-section-height-min-height elementor-section-boxed elementor-section-height-default elementor-section-items-middle\" data-eae-slider=\"56898\" data-id=\"e432036\" data-element_type=\"section\" data-e-type=\"section\">\n\t\t\t\t\t\t<div class=\"elementor-container elementor-column-gap-default\">\n\t\t\t\t\t<div class=\"has_eae_slider elementor-column elementor-col-100 elementor-top-column elementor-element elementor-element-e8c75c6\" data-eae-slider=\"75591\" data-id=\"e8c75c6\" data-element_type=\"column\" data-e-type=\"column\">\n\t\t\t<div class=\"elementor-widget-wrap elementor-element-populated\">\n\t\t\t\t\t\t<div class=\"elementor-element elementor-element-2c12d84 elementor-invisible elementor-widget elementor-widget-heading\" data-id=\"2c12d84\" data-element_type=\"widget\" data-e-type=\"widget\" data-settings=\"{&quot;_animation&quot;:&quot;fadeIn&quot;}\" data-widget_type=\"heading.default\">\n\t\t\t\t<div class=\"elementor-widget-container\">\n\t\t\t\t\t<h2 class=\"elementor-heading-title elementor-size-default\">Pol\u00edtica de Privacidad<\/h2>\t\t\t\t<\/div>\n\t\t\t\t<\/div>\n\t\t\t\t\t<\/div>\n\t\t<\/div>\n\t\t\t\t\t<\/div>\n\t\t<\/section>\n\t\t\t\t<section class=\"has_eae_slider elementor-section elementor-top-section elementor-element elementor-element-45de23e elementor-section-boxed elementor-section-height-default elementor-section-height-default\" data-eae-slider=\"44656\" data-id=\"45de23e\" data-element_type=\"section\" data-e-type=\"section\">\n\t\t\t\t\t\t<div class=\"elementor-container elementor-column-gap-default\">\n\t\t\t\t\t<div class=\"has_eae_slider elementor-column elementor-col-100 elementor-top-column elementor-element elementor-element-ffcb670\" data-eae-slider=\"90729\" data-id=\"ffcb670\" data-element_type=\"column\" data-e-type=\"column\">\n\t\t\t<div class=\"elementor-widget-wrap elementor-element-populated\">\n\t\t\t\t\t\t<div class=\"elementor-element elementor-element-1498855 elementor-invisible elementor-widget elementor-widget-text-editor\" data-id=\"1498855\" data-element_type=\"widget\" data-e-type=\"widget\" data-settings=\"{&quot;_animation&quot;:&quot;fadeIn&quot;}\" data-widget_type=\"text-editor.default\">\n\t\t\t\t<div class=\"elementor-widget-container\">\n\t\t\t\t\t\t\t\t\t<p class=\"sqsrte-small preFlex flexIn\">Su privacidad es importante para nosotros. cualquier informaci\u00f3n que proporcione a trav\u00e9s de nuestra p\u00e1gina se mantiene estrictamente privada. no compartimos ni vendemos informaci\u00f3n a terceros, ni usamos informaci\u00f3n personal para ning\u00fan otro motivo que no sea el uso previsto.<\/p><p>\u00a0<\/p><p class=\"sqsrte-small preFlex flexIn\">nos comprometemos a cumplir con los t\u00e9rminos de nuestra pol\u00edtica de privacidad, que se proporciona en este sitio web. Al usar este sitio web, usted reconoce que ha le\u00eddo nuestra pol\u00edtica de privacidad. podemos utilizar cookies para ofrecerle el sitio web. una cookie es una peque\u00f1a cantidad de datos, que a menudo incluye un identificador \u00fanico an\u00f3nimo que se env\u00eda a su navegador desde las computadoras de un sitio web y se almacena en el disco duro de su computadora. Actualmente no requerimos que nuestros usuarios se registren para acceder a nuestro sitio web, pero nos reservamos el derecho de hacerlo en el futuro. Si implementamos un proceso de registro, por supuesto, nos comprometemos a cumplir con cualquier legislaci\u00f3n de privacidad aplicable en ese momento con respecto a su informaci\u00f3n de usuario.<\/p><p>\u00a0<\/p><p><strong>Informaci\u00f3n de seguridad<\/strong><\/p><p>lamentablemente, ninguna transmisi\u00f3n de datos a trav\u00e9s de Internet puede garantizarse como totalmente segura. Si bien nos esforzamos por proteger dicha informaci\u00f3n, no garantizamos ni podemos garantizar la seguridad de la informaci\u00f3n que nos transmita. en consecuencia, cualquier informaci\u00f3n que nos transmita se transmite bajo su propio riesgo.<\/p><p>\u00a0<\/p><p><strong>terminaci\u00f3n de acceso<\/strong><br \/>El acceso a este sitio web puede ser cancelado en cualquier momento por nosotros sin previo aviso. nuestro descargo de responsabilidad, no obstante, sobrevivir\u00e1 a dicha rescisi\u00f3n.<\/p><p>\u00a0<\/p><p><span style=\"text-decoration: underline;\"><strong>recopilaci\u00f3n de datos<\/strong><\/span><\/p><p>\u00a0<\/p><p><strong>\u00bfQui\u00e9n recopila los datos?<\/strong><\/p><ul><li style=\"list-style-type: none;\"><ul data-rte-list=\"default\"><li><p class=\"sqsrte-small preFlex flexIn\">los datos son recopilados y almacenados por pao castro en costa rica.<\/p><\/li><\/ul><\/li><\/ul><p class=\"sqsrte-small preFlex flexIn\"><strong>\u00bfQu\u00e9 datos se recopilan?<\/strong><\/p><ul data-rte-list=\"default\"><li style=\"list-style-type: none;\"><ul data-rte-list=\"default\"><li><p class=\"sqsrte-small preFlex flexIn\">pao castro recopila datos relevantes para su historial de compras y compras mientras visita www.paocastro.com en un intento por mejorar la experiencia de navegaci\u00f3n y compras.<\/p><\/li><li><p class=\"sqsrte-small preFlex flexIn\">estos datos pueden incluir nombres, direcciones, n\u00fameros de tel\u00e9fono, fechas de nacimiento, etc. de usted u otras partes relacionadas (por ejemplo, informaci\u00f3n del destinatario si est\u00e1 comprando una tarjeta de regalo o enviando un pedido f\u00edsico al destinatario de un regalo). la informaci\u00f3n que proporcione se almacenar\u00e1 de forma segura con nosotros, y puede agregar, eliminar o cambiar su informaci\u00f3n registrada en cualquier momento iniciando sesi\u00f3n en su cuenta.<\/p><\/li><li><p class=\"sqsrte-small preFlex flexIn\">otros datos recopilados adem\u00e1s de los datos que nos proporciona activamente pueden no ser tan obvios como las cookies, la direcci\u00f3n IP, la informaci\u00f3n del navegador\/dispositivo, los identificadores de redes sociales si llega a nuestro sitio haciendo clic en uno de nuestros anuncios. esta informaci\u00f3n nos ayuda a reconocerlo y nos permite personalizar sus experiencias de navegaci\u00f3n y compras.<\/p><\/li><li><p class=\"sqsrte-small preFlex flexIn\">Si realiza una compra en www.paocastro.com, recopilaremos informaci\u00f3n adicional, como n\u00fameros de tarjetas de cr\u00e9dito, fechas de vencimiento, CVV y direcciones de facturaci\u00f3n para completar su compra. Se recopilar\u00e1 informaci\u00f3n relevante similar si utiliza m\u00e9todos de pago alternativos como PayPal o pago a trav\u00e9s de tarjeta de d\u00e9bito\/cr\u00e9dito..<\/p><\/li><\/ul><\/li><\/ul><p class=\"sqsrte-small preFlex flexIn\"><strong>\u00bfCu\u00e1l es la base legal para el tratamiento de los datos?<\/strong><\/p><ul data-rte-list=\"default\"><li style=\"list-style-type: none;\"><ul data-rte-list=\"default\"><li><p class=\"sqsrte-small preFlex flexIn\">todos los datos transaccionales se procesan de forma segura a trav\u00e9s de pr\u00e1cticas de procesamiento est\u00e1ndar de la industria y la informaci\u00f3n se anonimiza y se cifra siempre que sea posible en el caso de n\u00fameros de tarjetas de cr\u00e9dito e informaci\u00f3n financiera de identificaci\u00f3n. pao castro no almacena ni tiene acceso a los n\u00fameros completos de las tarjetas de cr\u00e9dito de los clientes.<\/p><\/li><\/ul><\/li><\/ul><p class=\"sqsrte-small preFlex flexIn\"><strong>\u00bfSe compartir\u00e1n los datos con terceros?<\/strong><\/p><ul data-rte-list=\"default\"><li style=\"list-style-type: none;\"><ul data-rte-list=\"default\"><li><p class=\"sqsrte-small preFlex flexIn\">como regla general, la informaci\u00f3n recopilada por nosotros no se compartir\u00e1 fuera de pao castro, a menos que la informaci\u00f3n se recopile a trav\u00e9s de una asociaci\u00f3n multimarca, como un obsequio o una colaboraci\u00f3n de marca. siempre le informaremos de esto por separado cuando recopilemos informaci\u00f3n que se compartir\u00e1 con otras partes. La informaci\u00f3n del cliente y del destinatario del pedido que se nos proporcione no se compartir\u00e1 con terceros fuera de los necesarios para entregar su pedido, por ejemplo, proporcionamos la informaci\u00f3n que recopilamos a proveedores de servicios externos, como los almacenes de cumplimiento y los transportistas de paquetes que ayudan a enviar y entregar sus pedidos.<\/p><\/li><li><p class=\"sqsrte-small preFlex flexIn\">Los miembros del equipo de pao castro con acceso a sus datos personales est\u00e1n obligados por contrato a respetar la confidencialidad de la informaci\u00f3n recopilada de usted.<\/p><\/li><\/ul><\/li><\/ul><p class=\"sqsrte-small preFlex flexIn\"><strong>\u00bfC\u00f3mo se utilizar\u00e1 la informaci\u00f3n?<\/strong><\/p><ul data-rte-list=\"default\"><li style=\"list-style-type: none;\"><ul data-rte-list=\"default\"><li><p class=\"sqsrte-small preFlex flexIn\">the information is used to provide customers with improved shopping experiences on our website and to facilitate the processing and delivery of orders of physical products.<\/p><\/li><\/ul><\/li><\/ul><p class=\"sqsrte-small preFlex flexIn\"><strong>\u00bfCu\u00e1nto tiempo se almacenar\u00e1n los datos?<\/strong><\/p><ul data-rte-list=\"default\"><li style=\"list-style-type: none;\"><ul data-rte-list=\"default\"><li><p class=\"sqsrte-small preFlex flexIn\">conservamos su informaci\u00f3n solo mientras sea necesario y solo para el prop\u00f3sito para el cual la obtuvimos. restringimos el acceso a su informaci\u00f3n solo a aquellas personas que necesitan usarla para el prop\u00f3sito relevante.<\/p><\/li><\/ul><\/li><\/ul><p class=\"sqsrte-small preFlex flexIn\"><strong>\u00bfQu\u00e9 derechos tiene el interesado?<\/strong><\/p><ul data-rte-list=\"default\"><li style=\"list-style-type: none;\"><ul data-rte-list=\"default\"><li><p class=\"sqsrte-small preFlex flexIn\">tiene derecho a acceder a la mayor\u00eda de sus datos personales en cualquier momento dentro del perfil de su cuenta. Si no tiene un perfil de cuenta, puede solicitar una copia de la informaci\u00f3n que tenemos archivada para usted en cualquier momento enviando un correo electr\u00f3nico a contact-us@paocastro.com. permita hasta 30 d\u00edas para responder a tales consultas.<\/p><\/li><li><p class=\"sqsrte-small preFlex flexIn\">en determinadas circunstancias, tiene derecho a solicitar que eliminemos los datos personales que tengamos sobre usted cuando no tengamos motivos legales leg\u00edtimos para conservarlos. tiene derecho a solicitarnos que actualicemos y corrijamos cualquier dato personal incorrecto que hayamos recopilado.<\/p><\/li><li><p class=\"sqsrte-small preFlex flexIn\">tiene derecho a excluirse de cualquier comunicaci\u00f3n de marketing tanto en el perfil de su cuenta, durante el proceso de pago, como dentro de cualquier alcance de marketing a trav\u00e9s del enlace para darse de baja en cualquiera de nuestras campa\u00f1as de marketing por correo electr\u00f3nico.<\/p><\/li><\/ul><\/li><\/ul><p class=\"sqsrte-small preFlex flexIn\"><strong>\u00bfC\u00f3mo puede el interesado presentar una reclamaci\u00f3n?<\/strong><\/p><ul data-rte-list=\"default\"><li style=\"list-style-type: none;\"><ul data-rte-list=\"default\"><li><p class=\"sqsrte-small preFlex flexIn\">puede solicitar una copia de la informaci\u00f3n que tenemos archivada para usted en cualquier momento enviando un correo electr\u00f3nico a contact-us@paocastro.com. permita hasta 30 d\u00edas para responder a tales consultas.<\/p><\/li><\/ul><\/li><\/ul>\t\t\t\t\t\t\t\t<\/div>\n\t\t\t\t<\/div>\n\t\t\t\t\t<\/div>\n\t\t<\/div>\n\t\t\t\t\t<\/div>\n\t\t<\/section>\n\t\t\t\t<section class=\"has_eae_slider elementor-section elementor-top-section elementor-element elementor-element-5b40026 elementor-section-boxed elementor-section-height-default elementor-section-height-default\" data-eae-slider=\"9351\" data-id=\"5b40026\" data-element_type=\"section\" data-e-type=\"section\">\n\t\t\t\t\t\t<div class=\"elementor-container elementor-column-gap-default\">\n\t\t\t\t\t<div class=\"has_eae_slider elementor-column elementor-col-100 elementor-top-column elementor-element elementor-element-9e2c61a\" data-eae-slider=\"83990\" data-id=\"9e2c61a\" data-element_type=\"column\" data-e-type=\"column\">\n\t\t\t<div class=\"elementor-widget-wrap elementor-element-populated\">\n\t\t\t\t\t\t<div class=\"elementor-element elementor-element-13c660d elementor-widget elementor-widget-spacer\" data-id=\"13c660d\" data-element_type=\"widget\" data-e-type=\"widget\" data-widget_type=\"spacer.default\">\n\t\t\t\t<div class=\"elementor-widget-container\">\n\t\t\t\t\t\t\t<div class=\"elementor-spacer\">\n\t\t\t<div class=\"elementor-spacer-inner\"><\/div>\n\t\t<\/div>\n\t\t\t\t\t\t<\/div>\n\t\t\t\t<\/div>\n\t\t\t\t<div class=\"elementor-element elementor-element-2dda77f elementor-widget-divider--view-line elementor-widget elementor-widget-divider\" data-id=\"2dda77f\" data-element_type=\"widget\" data-e-type=\"widget\" data-widget_type=\"divider.default\">\n\t\t\t\t<div class=\"elementor-widget-container\">\n\t\t\t\t\t\t\t<div class=\"elementor-divider\">\n\t\t\t<span class=\"elementor-divider-separator\">\n\t\t\t\t\t\t<\/span>\n\t\t<\/div>\n\t\t\t\t\t\t<\/div>\n\t\t\t\t<\/div>\n\t\t\t\t\t<\/div>\n\t\t<\/div>\n\t\t\t\t\t<\/div>\n\t\t<\/section>\n\t\t\t\t<section class=\"has_eae_slider elementor-section elementor-top-section elementor-element elementor-element-2243f64 elementor-section-boxed elementor-section-height-default elementor-section-height-default\" data-eae-slider=\"5498\" data-id=\"2243f64\" data-element_type=\"section\" data-e-type=\"section\">\n\t\t\t\t\t\t<div class=\"elementor-container elementor-column-gap-default\">\n\t\t\t\t\t<div class=\"has_eae_slider elementor-column elementor-col-100 elementor-top-column elementor-element elementor-element-d115e97\" data-eae-slider=\"11694\" data-id=\"d115e97\" data-element_type=\"column\" data-e-type=\"column\">\n\t\t\t<div class=\"elementor-widget-wrap\">\n\t\t\t\t\t\t\t<\/div>\n\t\t<\/div>\n\t\t\t\t\t<\/div>\n\t\t<\/section>\n\t\t\t\t<\/div>","protected":false},"excerpt":{"rendered":"<p>Privacy Policy your privacy is important to us. any information that you provide through our page remains strictly private. we do not share or sell information to third parties, nor use personal information for any reason other than its intended use. \u00a0 we undertake to comply with the terms of our privacy policy, which is [&hellip;]<\/p>\n","protected":false},"author":1,"featured_media":0,"parent":0,"menu_order":0,"comment_status":"closed","ping_status":"closed","template":"","meta":{"_monsterinsights_skip_tracking":false,"_monsterinsights_sitenote_active":false,"_monsterinsights_sitenote_note":"","_monsterinsights_sitenote_category":0,"site-sidebar-layout":"no-sidebar","site-content-layout":"page-builder","ast-site-content-layout":"","site-content-style":"default","site-sidebar-style":"default","ast-global-header-display":"","ast-banner-title-visibility":"","ast-main-header-display":"","ast-hfb-above-header-display":"","ast-hfb-below-header-display":"","ast-hfb-mobile-header-display":"","site-post-title":"disabled","ast-breadcrumbs-content":"","ast-featured-img":"disabled","footer-sml-layout":"","theme-transparent-header-meta":"","adv-header-id-meta":"","stick-header-meta":"","header-above-stick-meta":"","header-main-stick-meta":"","header-below-stick-meta":"","astra-migrate-meta-layouts":"default","ast-page-background-enabled":"default","ast-page-background-meta":{"desktop":{"background-color":"","background-image":"","background-repeat":"repeat","background-position":"center center","background-size":"auto","background-attachment":"scroll","background-type":"","background-media":"","overlay-type":"","overlay-color":"","overlay-opacity":"","overlay-gradient":""},"tablet":{"background-color":"","background-image":"","background-repeat":"repeat","background-position":"center center","background-size":"auto","background-attachment":"scroll","background-type":"","background-media":"","overlay-type":"","overlay-color":"","overlay-opacity":"","overlay-gradient":""},"mobile":{"background-color":"","background-image":"","background-repeat":"repeat","background-position":"center center","background-size":"auto","background-attachment":"scroll","background-type":"","background-media":"","overlay-type":"","overlay-color":"","overlay-opacity":"","overlay-gradient":""}},"ast-content-background-meta":{"desktop":{"background-color":"var(--ast-global-color-5)","background-image":"","background-repeat":"repeat","background-position":"center center","background-size":"auto","background-attachment":"scroll","background-type":"","background-media":"","overlay-type":"","overlay-color":"","overlay-opacity":"","overlay-gradient":""},"tablet":{"background-color":"var(--ast-global-color-5)","background-image":"","background-repeat":"repeat","background-position":"center center","background-size":"auto","background-attachment":"scroll","background-type":"","background-media":"","overlay-type":"","overlay-color":"","overlay-opacity":"","overlay-gradient":""},"mobile":{"background-color":"var(--ast-global-color-5)","background-image":"","background-repeat":"repeat","background-position":"center center","background-size":"auto","background-attachment":"scroll","background-type":"","background-media":"","overlay-type":"","overlay-color":"","overlay-opacity":"","overlay-gradient":""}},"advanced_seo_description":"","jetpack_seo_html_title":"","jetpack_seo_noindex":false,"footnotes":""},"class_list":["post-4025","page","type-page","status-publish","hentry"],"jetpack-related-posts":[{"id":4026,"url":"https:\/\/paocastro.com\/es\/terms-conditions\/","url_meta":{"origin":4025,"position":0},"title":"T\u00e9rminos &amp; Condiciones","author":"jabamo90","date":"agosto 1, 2022","format":false,"excerpt":"Terms & Conditions The terms and conditions set out below are to be applied to the use of this website. by using this website, you agree to be bound by these terms and conditions. if you do not agree to be bound by these terms and conditions, you may not\u2026","rel":"","context":"Entrada similar ","block_context":{"text":"Entrada similar ","link":""},"img":{"alt_text":"","src":"","width":0,"height":0},"classes":[]},{"id":4024,"url":"https:\/\/paocastro.com\/es\/faqs\/","url_meta":{"origin":4025,"position":1},"title":"Preguntas Frecuentes","author":"jabamo90","date":"agosto 1, 2022","format":false,"excerpt":"FAQ's i am located in costa rica, what is your return policy?\u00a0we happily accept returns in original condition (unused and unaltered) with tags and liners attached for either an exchange or store credit, as long as the following conditions are met:the return is received within 30 days after date of\u2026","rel":"","context":"Entrada similar ","block_context":{"text":"Entrada similar ","link":""},"img":{"alt_text":"","src":"","width":0,"height":0},"classes":[]},{"id":43,"url":"https:\/\/paocastro.com\/es\/about\/","url_meta":{"origin":4025,"position":2},"title":"Acerca","author":"jabamo90","date":"diciembre 17, 2017","format":false,"excerpt":"About Us Welcome to Pao Castro, a designer brand that is handcrafted and designed in Costa Rica by the talented fashion designer, Pao Castro. Our brand is recognized for producing high-quality, eco-friendly swimwear that is unique and designed to empower women around the world.\u00a0We pride ourselves on using only the\u2026","rel":"","context":"Entrada similar ","block_context":{"text":"Entrada similar ","link":""},"img":{"alt_text":"","src":"https:\/\/i0.wp.com\/paocastro.com\/wp-content\/uploads\/2022\/09\/Compressed-web-223-of-248.jpg?resize=350%2C200&ssl=1","width":350,"height":200,"srcset":"https:\/\/i0.wp.com\/paocastro.com\/wp-content\/uploads\/2022\/09\/Compressed-web-223-of-248.jpg?resize=350%2C200&ssl=1 1x, https:\/\/i0.wp.com\/paocastro.com\/wp-content\/uploads\/2022\/09\/Compressed-web-223-of-248.jpg?resize=525%2C300&ssl=1 1.5x, https:\/\/i0.wp.com\/paocastro.com\/wp-content\/uploads\/2022\/09\/Compressed-web-223-of-248.jpg?resize=700%2C400&ssl=1 2x"},"classes":[]}],"jetpack_shortlink":"https:\/\/wp.me\/Pea2PE-12V","jetpack_sharing_enabled":true,"_links":{"self":[{"href":"https:\/\/paocastro.com\/es\/wp-json\/wp\/v2\/pages\/4025","targetHints":{"allow":["GET"]}}],"collection":[{"href":"https:\/\/paocastro.com\/es\/wp-json\/wp\/v2\/pages"}],"about":[{"href":"https:\/\/paocastro.com\/es\/wp-json\/wp\/v2\/types\/page"}],"author":[{"embeddable":true,"href":"https:\/\/paocastro.com\/es\/wp-json\/wp\/v2\/users\/1"}],"replies":[{"embeddable":true,"href":"https:\/\/paocastro.com\/es\/wp-json\/wp\/v2\/comments?post=4025"}],"version-history":[{"count":0,"href":"https:\/\/paocastro.com\/es\/wp-json\/wp\/v2\/pages\/4025\/revisions"}],"wp:attachment":[{"href":"https:\/\/paocastro.com\/es\/wp-json\/wp\/v2\/media?parent=4025"}],"curies":[{"name":"wp","href":"https:\/\/api.w.org\/{rel}","templated":true}]}}