{"id":4026,"date":"2022-08-01T18:50:08","date_gmt":"2022-08-01T18:50:08","guid":{"rendered":"http:\/\/box5721.temp.domains\/~paocastr\/?page_id=4026"},"modified":"2023-04-01T02:02:04","modified_gmt":"2023-04-01T02:02:04","slug":"terms-conditions","status":"publish","type":"page","link":"https:\/\/paocastro.com\/es\/terms-conditions\/","title":{"rendered":"T\u00e9rminos &amp; Condiciones"},"content":{"rendered":"<div data-elementor-type=\"wp-page\" data-elementor-id=\"4026\" class=\"elementor elementor-4026\" data-elementor-post-type=\"page\">\n\t\t\t\t\t\t<section class=\"has_eae_slider elementor-section elementor-top-section elementor-element elementor-element-539551cd elementor-section-boxed elementor-section-height-default elementor-section-height-default\" data-eae-slider=\"1161\" data-id=\"539551cd\" data-element_type=\"section\" data-e-type=\"section\">\n\t\t\t\t\t\t<div class=\"elementor-container elementor-column-gap-default\">\n\t\t\t\t\t<div class=\"has_eae_slider elementor-column elementor-col-100 elementor-top-column elementor-element elementor-element-2a5d2f93\" data-eae-slider=\"1206\" data-id=\"2a5d2f93\" data-element_type=\"column\" data-e-type=\"column\">\n\t\t\t<div class=\"elementor-widget-wrap elementor-element-populated\">\n\t\t\t\t\t\t<div class=\"elementor-element elementor-element-2937711 elementor-widget__width-inherit elementor-invisible elementor-widget elementor-widget-heading\" data-id=\"2937711\" data-element_type=\"widget\" data-e-type=\"widget\" data-settings=\"{&quot;_animation&quot;:&quot;fadeIn&quot;}\" data-widget_type=\"heading.default\">\n\t\t\t\t<div class=\"elementor-widget-container\">\n\t\t\t\t\t<h3 class=\"elementor-heading-title elementor-size-xl\">T\u00e9rminos &amp; Condiciones<\/h3>\t\t\t\t<\/div>\n\t\t\t\t<\/div>\n\t\t\t\t<div class=\"elementor-element elementor-element-66c0f090 elementor-invisible elementor-widget elementor-widget-text-editor\" data-id=\"66c0f090\" data-element_type=\"widget\" data-e-type=\"widget\" data-settings=\"{&quot;_animation&quot;:&quot;fadeIn&quot;}\" data-widget_type=\"text-editor.default\">\n\t\t\t\t<div class=\"elementor-widget-container\">\n\t\t\t\t\t\t\t\t\t<p><\/p>\n<p>Los t\u00e9rminos y condiciones establecidos a continuaci\u00f3n se aplicar\u00e1n al uso de este sitio web. Al usar este sitio web, usted acepta estar sujeto a estos t\u00e9rminos y condiciones. si no acepta estar sujeto a estos t\u00e9rminos y condiciones, no puede usar este sitio web.<\/p>\n<p><br><\/p>\n<p><\/p>\n<p>in these terms and conditions, the expressions &#8220;we&#8221;, &#8220;us&#8221; and &#8220;our&#8221; are a reference to &#8216;pao castro&#8217;<\/p>\n<p><br><\/p>\n<p><\/p>\n<p><strong>cambios en los t\u00e9rminos y condiciones<\/strong><\/p>\n<p><\/p>\n<p>nos reservamos el derecho de alterar y cambiar estos t\u00e9rminos y condiciones ocasionalmente. los cambios a los t\u00e9rminos y condiciones entrar\u00e1n en vigencia inmediatamente despu\u00e9s de su publicaci\u00f3n en este sitio web. su uso continuado del sitio web despu\u00e9s de dicha publicaci\u00f3n representar\u00e1 un acuerdo por su parte de estar sujeto a los t\u00e9rminos y condiciones modificados. es su responsabilidad estar al tanto de estos t\u00e9rminos y condiciones ya que pueden ser modificados.<\/p>\n<p><br><\/p>\n<p><\/p>\n<p><strong>Descargo de responsabilidad<\/strong><\/p>\n<p><\/p>\n<p>Este sitio web y su contenido se proporcionan \"tal cual\" y excepto en la medida requerida por la ley, sin garant\u00edas de ning\u00fan tipo, ya sean expresas o impl\u00edcitas, incluidas, entre otras, garant\u00edas impl\u00edcitas de calidad satisfactoria, idoneidad para un prop\u00f3sito particular y no infracci\u00f3n, en la mayor medida permitida por la ley. la informaci\u00f3n en el sitio web es solo para fines de informaci\u00f3n general y no constituye un consejo.<\/p><p><br><\/p>\n<p><\/p>\n<p>no representamos ni garantizamos que la informaci\u00f3n y\/o las instalaciones contenidas en el sitio web sean precisas, completas o actuales, o que el sitio web sea ininterrumpido o libre de errores, o que cualquier defecto en el sitio web se corregir\u00e1 o que el sitio web o el servidor que pone a disposici\u00f3n el sitio web est\u00e1n libres de virus o cualquier otro componente da\u00f1ino. excepto en la medida en que lo exija la ley, no ofrecemos garant\u00edas ni representaciones con respecto al uso de los materiales en el sitio web en t\u00e9rminos de su correcci\u00f3n, exactitud, adecuaci\u00f3n, utilidad, puntualidad, confiabilidad u otros, en cada caso en la m\u00e1xima medida. permitido por la ley aplicable.<\/p>\n<p><br><\/p>\n<p><\/p>\n<p>nos reservamos el derecho de suspender o retirar la totalidad o parte del sitio web en cualquier momento sin previo aviso y sin incurrir en ninguna responsabilidad.<\/p>\n<p><br><\/p>\n<p><\/p>\n<p>este sitio web puede contener ocasionalmente enlaces a otros sitios web o informaci\u00f3n proporcionada por terceros. no ofrecemos garant\u00edas ni representaciones sobre la precisi\u00f3n o idoneidad de la informaci\u00f3n o los enlaces proporcionados en este sitio web, incluida la informaci\u00f3n proporcionada por terceros. utiliza la informaci\u00f3n y los enlaces bajo su propio riesgo. no tenemos control sobre su contenido individual y no hacemos representaciones ni garant\u00edas en cuanto a la informaci\u00f3n que aparece en relaci\u00f3n con los sitios web vinculados. no recomendamos ning\u00fan producto o servicio anunciado en esos sitios web. si decide acceder a cualquier sitio web de terceros vinculado desde nuestro sitio web, lo hace bajo su propio riesgo.<\/p>\n<p><br><\/p>\n<p><\/p>\n<p><strong>limitaci\u00f3n de responsabilidad<\/strong><\/p>\n<p><\/p>\n<p>su uso del sitio web es bajo su propio riesgo. cuando las condiciones y garant\u00edas impl\u00edcitas en la ley aplicable no puedan excluirse, limitamos nuestra responsabilidad donde y en la medida en que tengamos derecho a hacerlo. de lo contrario, ni nosotros, ni ninguno de nuestros afiliados, funcionarios o directores, ni ninguno de nuestros agentes ni ninguna otra parte involucrada en la creaci\u00f3n, producci\u00f3n o entrega del sitio web ser\u00e1 responsable de ning\u00fan da\u00f1o directo, indirecto, especial, consecuente o de otro tipo que resulte de el uso o la imposibilidad de usar los materiales del sitio web, incluidos los da\u00f1os causados \u200b\u200bpor virus o cualquier informaci\u00f3n incorrecta o incompleta en el sitio web, o el rendimiento de los productos, incluso si se nos ha advertido de la posibilidad de tales da\u00f1os.<\/p>\n<p><br><\/p>\n<p><\/p>\n<p><strong>tus obligaciones<\/strong><\/p>\n<p><\/p>\n<p>debe asegurarse de que su acceso a este sitio web no sea ilegal o est\u00e9 prohibido por las leyes que se aplican a usted.<\/p>\n<p><\/p>\n<p>debe tomar sus propias precauciones para asegurarse de que el proceso que emplea para acceder a este sitio web no lo exponga al riesgo de virus, c\u00f3digos inform\u00e1ticos maliciosos u otras formas de interferencia que puedan da\u00f1ar su propio sistema inform\u00e1tico. no aceptamos responsabilidad por cualquier interferencia o da\u00f1o a su propio sistema inform\u00e1tico que surja en relaci\u00f3n con su uso de este sitio web o cualquier sitio web vinculado.<\/p>\n<p><br><\/p>\n<p><\/p>\n<p>no debe hacer un mal uso de nuestro sistema o de este sitio web. espec\u00edficamente, no debe piratear, eludir la seguridad o interrumpir el funcionamiento de nuestro sitio web. adem\u00e1s, no debe realizar ninguna actividad que suponga una carga irrazonable para nuestros sistemas.<\/p>\n<p><br><\/p>\n<p><\/p>\n<p>usted acepta indemnizarnos a nosotros y a nuestros respectivos funcionarios, empleados y agentes contra todas las acciones, reclamos y demandas que puedan interponerse contra nosotros como resultado de su incumplimiento de estos t\u00e9rminos y condiciones.<\/p>\n<p><br><\/p>\n<p><\/p>\n<p><strong>propiedad intelectual<\/strong><\/p>\n<p><\/p>\n<p>todos los derechos de autor presentados o mostrados en el sitio web son de nuestra propiedad. excepto que se indique lo contrario en \u00e1reas espec\u00edficas dentro del sitio web, usted est\u00e1 autorizado a ver, reproducir, imprimir y descargar documentos, audio y video que se encuentran en el sitio web solo para fines personales, informativos y no comerciales.<\/p>\n<p><\/p>\n<p>a excepci\u00f3n de lo permitido por las leyes de derechos de autor aplicables, no puede modificar ninguno de los materiales y no puede copiar, distribuir, transmitir, mostrar, realizar, reproducir, publicar, licenciar, crear trabajos derivados, transferir o vender cualquier informaci\u00f3n o trabajo contenido en el sitio web.<\/p>\n<p><br><\/p>\n<p><\/p>\n<p>salvo que est\u00e9 autorizado por las leyes de derechos de autor, usted es responsable de obtener permiso antes de reutilizar cualquier material con derechos de autor que est\u00e9 disponible en el sitio web. a los efectos de estos t\u00e9rminos, se proh\u00edbe el uso de dicho material en cualquier otro sitio web o entorno inform\u00e1tico en red. no eliminar\u00e1 ning\u00fan aviso de derechos de autor, marca comercial u otros avisos de propiedad del material que se encuentre en el sitio web.<\/p>\n<p><br><\/p>\n<p><\/p>\n<p>en el caso de que descargue software (incluidos, entre otros, protectores de pantalla, \u00edconos, videos y fondos de pantalla) del sitio web, el software, incluidos los archivos, las im\u00e1genes incorporadas o generadas por el software y los datos que acompa\u00f1an al software (colectivamente, el \" software\u201d) son licenciados por nosotros. no le transferimos el t\u00edtulo del software. usted es el propietario del medio en el que se graba el software, pero nosotros conservamos el t\u00edtulo total y completo del software y todos los derechos de propiedad intelectual del mismo. a excepci\u00f3n de lo permitido por las leyes de derechos de autor aplicables, no puede redistribuir, vender, descompilar, realizar ingenier\u00eda inversa, desensamblar o reducir el software a una forma legible por humanos.<\/p>\n<p><\/p>\n<p><br><\/p>\n<p>all of our trademarks, service marks and trade names used herein (including but not limited to the words marked &#8220;pao castro&#8221;&nbsp;are our trademarks or registered trademarks, unless stated otherwise. you may not use, copy, reproduce, republish, upload, post, transmit, distribute, or modify our trademarks in any way, including in advertising or publicity pertaining to distribution of materials on the website, without our prior written consent.<\/p>\n<p><\/p>\n<p><br><\/p>\n<p>el uso de nuestras marcas registradas en cualquier otro sitio web o entorno inform\u00e1tico de red, por ejemplo, el almacenamiento o reproducci\u00f3n de (una parte de) el sitio web en cualquier sitio web externo de Internet o la creaci\u00f3n de enlaces, hipertexto, enlaces o enlaces profundos entre el sitio web y cualquier otro sitio web de Internet, est\u00e1 prohibido sin nuestro consentimiento expreso por escrito.<\/p>\n<p><br><\/p>\n<p><\/p>\n<p><strong>uso restringido<\/strong><\/p>\n<p><\/p>\n<p>a menos que acordemos lo contrario por escrito, se le proporciona acceso a este sitio web solo para su uso personal. est\u00e1 autorizado a imprimir una copia de cualquier informaci\u00f3n contenida en este sitio web para su uso personal, a menos que dicha impresi\u00f3n est\u00e9 expresamente prohibida. sin limitar lo anterior, no puede vender informaci\u00f3n obtenida de este sitio web sin nuestro permiso por escrito.<\/p>\n<p><\/p>\t\t\t\t\t\t\t\t<\/div>\n\t\t\t\t<\/div>\n\t\t\t\t\t<\/div>\n\t\t<\/div>\n\t\t\t\t\t<\/div>\n\t\t<\/section>\n\t\t\t\t<section class=\"has_eae_slider elementor-section elementor-top-section elementor-element elementor-element-f4e15c9 elementor-section-boxed elementor-section-height-default elementor-section-height-default\" data-eae-slider=\"20386\" data-id=\"f4e15c9\" data-element_type=\"section\" data-e-type=\"section\">\n\t\t\t\t\t\t<div class=\"elementor-container elementor-column-gap-default\">\n\t\t\t\t\t<div class=\"has_eae_slider elementor-column elementor-col-100 elementor-top-column elementor-element elementor-element-83b6e88\" data-eae-slider=\"8452\" data-id=\"83b6e88\" data-element_type=\"column\" data-e-type=\"column\">\n\t\t\t<div class=\"elementor-widget-wrap elementor-element-populated\">\n\t\t\t\t\t\t<div class=\"elementor-element elementor-element-94c9f77 elementor-widget elementor-widget-spacer\" data-id=\"94c9f77\" data-element_type=\"widget\" data-e-type=\"widget\" data-widget_type=\"spacer.default\">\n\t\t\t\t<div class=\"elementor-widget-container\">\n\t\t\t\t\t\t\t<div class=\"elementor-spacer\">\n\t\t\t<div class=\"elementor-spacer-inner\"><\/div>\n\t\t<\/div>\n\t\t\t\t\t\t<\/div>\n\t\t\t\t<\/div>\n\t\t\t\t\t<\/div>\n\t\t<\/div>\n\t\t\t\t\t<\/div>\n\t\t<\/section>\n\t\t\t\t<section class=\"has_eae_slider elementor-section elementor-top-section elementor-element elementor-element-2f431f6 elementor-section-boxed elementor-section-height-default elementor-section-height-default\" data-eae-slider=\"26860\" data-id=\"2f431f6\" data-element_type=\"section\" data-e-type=\"section\">\n\t\t\t\t\t\t<div class=\"elementor-container elementor-column-gap-default\">\n\t\t\t\t\t<div class=\"has_eae_slider elementor-column elementor-col-100 elementor-top-column elementor-element elementor-element-808e86a\" data-eae-slider=\"62495\" data-id=\"808e86a\" data-element_type=\"column\" data-e-type=\"column\">\n\t\t\t<div class=\"elementor-widget-wrap elementor-element-populated\">\n\t\t\t\t\t\t<div class=\"elementor-element elementor-element-f37ca26 elementor-widget-divider--view-line elementor-widget elementor-widget-divider\" data-id=\"f37ca26\" data-element_type=\"widget\" data-e-type=\"widget\" data-widget_type=\"divider.default\">\n\t\t\t\t<div class=\"elementor-widget-container\">\n\t\t\t\t\t\t\t<div class=\"elementor-divider\">\n\t\t\t<span class=\"elementor-divider-separator\">\n\t\t\t\t\t\t<\/span>\n\t\t<\/div>\n\t\t\t\t\t\t<\/div>\n\t\t\t\t<\/div>\n\t\t\t\t\t<\/div>\n\t\t<\/div>\n\t\t\t\t\t<\/div>\n\t\t<\/section>\n\t\t\t\t<\/div>","protected":false},"excerpt":{"rendered":"<p>Terms &amp; Conditions The terms and conditions set out below are to be applied to the use of this website. by using this website, you agree to be bound by these terms and conditions. if you do not agree to be bound by these terms and conditions, you may not use this website. in these [&hellip;]<\/p>\n","protected":false},"author":1,"featured_media":0,"parent":0,"menu_order":0,"comment_status":"closed","ping_status":"closed","template":"","meta":{"_monsterinsights_skip_tracking":false,"_monsterinsights_sitenote_active":false,"_monsterinsights_sitenote_note":"","_monsterinsights_sitenote_category":0,"site-sidebar-layout":"no-sidebar","site-content-layout":"plain-container","ast-site-content-layout":"","site-content-style":"default","site-sidebar-style":"default","ast-global-header-display":"","ast-banner-title-visibility":"","ast-main-header-display":"","ast-hfb-above-header-display":"","ast-hfb-below-header-display":"","ast-hfb-mobile-header-display":"","site-post-title":"disabled","ast-breadcrumbs-content":"","ast-featured-img":"disabled","footer-sml-layout":"","theme-transparent-header-meta":"","adv-header-id-meta":"","stick-header-meta":"","header-above-stick-meta":"","header-main-stick-meta":"","header-below-stick-meta":"","astra-migrate-meta-layouts":"default","ast-page-background-enabled":"default","ast-page-background-meta":{"desktop":{"background-color":"","background-image":"","background-repeat":"repeat","background-position":"center center","background-size":"auto","background-attachment":"scroll","background-type":"","background-media":"","overlay-type":"","overlay-color":"","overlay-opacity":"","overlay-gradient":""},"tablet":{"background-color":"","background-image":"","background-repeat":"repeat","background-position":"center center","background-size":"auto","background-attachment":"scroll","background-type":"","background-media":"","overlay-type":"","overlay-color":"","overlay-opacity":"","overlay-gradient":""},"mobile":{"background-color":"","background-image":"","background-repeat":"repeat","background-position":"center center","background-size":"auto","background-attachment":"scroll","background-type":"","background-media":"","overlay-type":"","overlay-color":"","overlay-opacity":"","overlay-gradient":""}},"ast-content-background-meta":{"desktop":{"background-color":"var(--ast-global-color-5)","background-image":"","background-repeat":"repeat","background-position":"center center","background-size":"auto","background-attachment":"scroll","background-type":"","background-media":"","overlay-type":"","overlay-color":"","overlay-opacity":"","overlay-gradient":""},"tablet":{"background-color":"var(--ast-global-color-5)","background-image":"","background-repeat":"repeat","background-position":"center center","background-size":"auto","background-attachment":"scroll","background-type":"","background-media":"","overlay-type":"","overlay-color":"","overlay-opacity":"","overlay-gradient":""},"mobile":{"background-color":"var(--ast-global-color-5)","background-image":"","background-repeat":"repeat","background-position":"center center","background-size":"auto","background-attachment":"scroll","background-type":"","background-media":"","overlay-type":"","overlay-color":"","overlay-opacity":"","overlay-gradient":""}},"advanced_seo_description":"","jetpack_seo_html_title":"","jetpack_seo_noindex":false,"footnotes":""},"class_list":["post-4026","page","type-page","status-publish","hentry"],"jetpack-related-posts":[{"id":4024,"url":"https:\/\/paocastro.com\/es\/faqs\/","url_meta":{"origin":4026,"position":0},"title":"Preguntas Frecuentes","author":"jabamo90","date":"agosto 1, 2022","format":false,"excerpt":"FAQ's i am located in costa rica, what is your return policy?\u00a0we happily accept returns in original condition (unused and unaltered) with tags and liners attached for either an exchange or store credit, as long as the following conditions are met:the return is received within 30 days after date of\u2026","rel":"","context":"Entrada similar ","block_context":{"text":"Entrada similar ","link":""},"img":{"alt_text":"","src":"","width":0,"height":0},"classes":[]},{"id":4025,"url":"https:\/\/paocastro.com\/es\/privacy-policy\/","url_meta":{"origin":4026,"position":1},"title":"Pol\u00edtica de Privacidad","author":"jabamo90","date":"agosto 1, 2022","format":false,"excerpt":"Privacy Policy your privacy is important to us. any information that you provide through our page remains strictly private. we do not share or sell information to third parties, nor use personal information for any reason other than its intended use.\u00a0we undertake to comply with the terms of our privacy\u2026","rel":"","context":"Entrada similar ","block_context":{"text":"Entrada similar ","link":""},"img":{"alt_text":"","src":"","width":0,"height":0},"classes":[]}],"jetpack_shortlink":"https:\/\/wp.me\/Pea2PE-12W","jetpack_sharing_enabled":true,"_links":{"self":[{"href":"https:\/\/paocastro.com\/es\/wp-json\/wp\/v2\/pages\/4026","targetHints":{"allow":["GET"]}}],"collection":[{"href":"https:\/\/paocastro.com\/es\/wp-json\/wp\/v2\/pages"}],"about":[{"href":"https:\/\/paocastro.com\/es\/wp-json\/wp\/v2\/types\/page"}],"author":[{"embeddable":true,"href":"https:\/\/paocastro.com\/es\/wp-json\/wp\/v2\/users\/1"}],"replies":[{"embeddable":true,"href":"https:\/\/paocastro.com\/es\/wp-json\/wp\/v2\/comments?post=4026"}],"version-history":[{"count":0,"href":"https:\/\/paocastro.com\/es\/wp-json\/wp\/v2\/pages\/4026\/revisions"}],"wp:attachment":[{"href":"https:\/\/paocastro.com\/es\/wp-json\/wp\/v2\/media?parent=4026"}],"curies":[{"name":"wp","href":"https:\/\/api.w.org\/{rel}","templated":true}]}}