{"id":362,"date":"2017-12-21T04:37:29","date_gmt":"2017-12-21T04:37:29","guid":{"rendered":"http:\/\/box5721.temp.domains\/~paocastr\/?product=dnk-yellow-shoes"},"modified":"2025-01-02T20:12:44","modified_gmt":"2025-01-02T20:12:44","slug":"caribe-bottom","status":"publish","type":"product","link":"https:\/\/paocastro.com\/es\/producto\/caribe-bottom\/","title":{"rendered":"Caribe Bottom"},"content":{"rendered":"<p>Introducing the &#8220;Caribe Bottom&#8221; &#8211; the perfect swimwear bottom for every beach babe out there! Made from high-quality lycra fabric, this bottom is designed to be comfortable and stylish, all at the same time. And with multiple colors to choose from, you&#8217;re sure to find the perfect one to match your personal style.<\/p>\n<p>Not only is the &#8220;Caribe Bottom&#8221; beautiful, but it&#8217;s also one of the top sellers from the brand. So you know you&#8217;re getting a product that&#8217;s tried and true. But what sets this bottom apart is the three different butt coverage options &#8211; cheeky, Brazilian, and medium cut. You can choose the perfect coverage for your own comfort level, so you can feel confident and look amazing on the beach.<\/p>\n<p>Whether you&#8217;re lounging poolside or catching waves, the &#8220;Caribe Bottom&#8221; will stay securely in place and let you move freely. So don&#8217;t wait any longer, grab your own &#8220;Caribe Bottom&#8221; today and get ready to turn heads on the beach!<\/p>","protected":false},"excerpt":{"rendered":"<p>&#8220;Caribe Bottom&#8221;: Our top-selling swimwear bottom is made of high-quality lycra fabric and comes in a variety of colors to choose from. This beautiful bottom is available in three different butt coverage options: cheeky, brazilian, and medium cut, making it perfect for any preference.<\/p>","protected":false},"featured_media":7397,"comment_status":"open","ping_status":"closed","template":"","meta":{"_monsterinsights_skip_tracking":false,"_monsterinsights_sitenote_active":false,"_monsterinsights_sitenote_note":"","_monsterinsights_sitenote_category":0,"site-sidebar-layout":"default","site-content-layout":"default","ast-site-content-layout":"default","site-content-style":"default","site-sidebar-style":"default","ast-global-header-display":"","ast-banner-title-visibility":"","ast-main-header-display":"","ast-hfb-above-header-display":"","ast-hfb-below-header-display":"","ast-hfb-mobile-header-display":"","site-post-title":"","ast-breadcrumbs-content":"","ast-featured-img":"","footer-sml-layout":"","theme-transparent-header-meta":"default","adv-header-id-meta":"","stick-header-meta":"","header-above-stick-meta":"","header-main-stick-meta":"","header-below-stick-meta":"","astra-migrate-meta-layouts":"set","ast-page-background-enabled":"default","ast-page-background-meta":{"desktop":{"background-color":"","background-image":"","background-repeat":"repeat","background-position":"center center","background-size":"auto","background-attachment":"scroll","background-type":"","background-media":"","overlay-type":"","overlay-color":"","overlay-opacity":"","overlay-gradient":""},"tablet":{"background-color":"","background-image":"","background-repeat":"repeat","background-position":"center center","background-size":"auto","background-attachment":"scroll","background-type":"","background-media":"","overlay-type":"","overlay-color":"","overlay-opacity":"","overlay-gradient":""},"mobile":{"background-color":"","background-image":"","background-repeat":"repeat","background-position":"center center","background-size":"auto","background-attachment":"scroll","background-type":"","background-media":"","overlay-type":"","overlay-color":"","overlay-opacity":"","overlay-gradient":""}},"ast-content-background-meta":{"desktop":{"background-color":"var(--ast-global-color-5)","background-image":"","background-repeat":"repeat","background-position":"center center","background-size":"auto","background-attachment":"scroll","background-type":"","background-media":"","overlay-type":"","overlay-color":"","overlay-opacity":"","overlay-gradient":""},"tablet":{"background-color":"var(--ast-global-color-5)","background-image":"","background-repeat":"repeat","background-position":"center center","background-size":"auto","background-attachment":"scroll","background-type":"","background-media":"","overlay-type":"","overlay-color":"","overlay-opacity":"","overlay-gradient":""},"mobile":{"background-color":"var(--ast-global-color-5)","background-image":"","background-repeat":"repeat","background-position":"center center","background-size":"auto","background-attachment":"scroll","background-type":"","background-media":"","overlay-type":"","overlay-color":"","overlay-opacity":"","overlay-gradient":""}},"advanced_seo_description":"","jetpack_seo_html_title":"","jetpack_seo_noindex":false,"jetpack_publicize_message":"","jetpack_publicize_feature_enabled":true,"jetpack_social_post_already_shared":false,"jetpack_social_options":{"image_generator_settings":{"template":"highway","default_image_id":0,"font":"","enabled":false},"version":2}},"product_brand":[],"product_cat":[71,57],"product_tag":[74,76],"class_list":{"0":"post-362","1":"product","2":"type-product","3":"status-publish","4":"has-post-thumbnail","6":"product_cat-bottoms","7":"product_cat-swimwear","8":"product_tag-bottoms","9":"product_tag-swimwear","10":"desktop-align-left","11":"tablet-align-left","12":"mobile-align-left","14":"first","15":"instock","16":"featured","17":"shipping-taxable","18":"purchasable","19":"product-type-variable"},"jetpack_publicize_connections":[],"jetpack-related-posts":[{"id":6813,"url":"https:\/\/paocastro.com\/es\/producto\/caribe-bottom-mix\/","url_meta":{"origin":362,"position":0},"title":"Caribe Bottom Mix","author":"jabamo90","date":"abril 7, 2024","format":false,"excerpt":"","rel":"","context":"Entrada similar ","block_context":{"text":"Entrada similar ","link":""},"img":{"alt_text":"","src":"https:\/\/i0.wp.com\/paocastro.com\/wp-content\/uploads\/2024\/04\/PaoCastroMarzo-95-scaled.jpg?fit=798%2C1200&ssl=1&resize=350%2C200","width":350,"height":200,"srcset":"https:\/\/i0.wp.com\/paocastro.com\/wp-content\/uploads\/2024\/04\/PaoCastroMarzo-95-scaled.jpg?fit=798%2C1200&ssl=1&resize=350%2C200 1x, https:\/\/i0.wp.com\/paocastro.com\/wp-content\/uploads\/2024\/04\/PaoCastroMarzo-95-scaled.jpg?fit=798%2C1200&ssl=1&resize=525%2C300 1.5x, https:\/\/i0.wp.com\/paocastro.com\/wp-content\/uploads\/2024\/04\/PaoCastroMarzo-95-scaled.jpg?fit=798%2C1200&ssl=1&resize=700%2C400 2x"},"classes":[]},{"id":7053,"url":"https:\/\/paocastro.com\/es\/producto\/lace-dress\/","url_meta":{"origin":362,"position":1},"title":"Lace Dress","author":"jabamo90","date":"septiembre 3, 2024","format":false,"excerpt":"We created this design to have a more daring piece, so it is completely transparent, with gathering at the bust, Bardot cut. We combine it with Caribe bottom, but you can choose it fully lined.","rel":"","context":"Entrada similar ","block_context":{"text":"Entrada similar ","link":""},"img":{"alt_text":"","src":"https:\/\/i0.wp.com\/paocastro.com\/wp-content\/uploads\/2024\/08\/CiaoAmoreAgostoWeb-17-scaled.jpg?fit=857%2C1200&ssl=1&resize=350%2C200","width":350,"height":200,"srcset":"https:\/\/i0.wp.com\/paocastro.com\/wp-content\/uploads\/2024\/08\/CiaoAmoreAgostoWeb-17-scaled.jpg?fit=857%2C1200&ssl=1&resize=350%2C200 1x, https:\/\/i0.wp.com\/paocastro.com\/wp-content\/uploads\/2024\/08\/CiaoAmoreAgostoWeb-17-scaled.jpg?fit=857%2C1200&ssl=1&resize=525%2C300 1.5x, https:\/\/i0.wp.com\/paocastro.com\/wp-content\/uploads\/2024\/08\/CiaoAmoreAgostoWeb-17-scaled.jpg?fit=857%2C1200&ssl=1&resize=700%2C400 2x"},"classes":[]},{"id":7487,"url":"https:\/\/paocastro.com\/es\/producto\/vicky-print\/","url_meta":{"origin":362,"position":2},"title":"VICKY PRINT","author":"Paola Castro","date":"marzo 24, 2026","format":false,"excerpt":"Nuestro Winter top cl\u00e1sico & caribe bottom en un textil corrugado, con detalles en un el\u00e1stico bordado para resaltar y dar un fit incre\u00edble. El top incluye tirantes ajustables, recogido en busto y detalle de piedras blancas. Un dise\u00f1o EDICI\u00d3N LIMITADA.","rel":"","context":"Entrada similar ","block_context":{"text":"Entrada similar ","link":""},"img":{"alt_text":"","src":"https:\/\/i0.wp.com\/paocastro.com\/wp-content\/uploads\/2026\/03\/img_7687-1-scaled.jpeg?fit=1037%2C1200&ssl=1&resize=350%2C200","width":350,"height":200,"srcset":"https:\/\/i0.wp.com\/paocastro.com\/wp-content\/uploads\/2026\/03\/img_7687-1-scaled.jpeg?fit=1037%2C1200&ssl=1&resize=350%2C200 1x, https:\/\/i0.wp.com\/paocastro.com\/wp-content\/uploads\/2026\/03\/img_7687-1-scaled.jpeg?fit=1037%2C1200&ssl=1&resize=525%2C300 1.5x, https:\/\/i0.wp.com\/paocastro.com\/wp-content\/uploads\/2026\/03\/img_7687-1-scaled.jpeg?fit=1037%2C1200&ssl=1&resize=700%2C400 2x"},"classes":[]},{"id":5121,"url":"https:\/\/paocastro.com\/es\/producto\/high-waisted-bottom\/","url_meta":{"origin":362,"position":3},"title":"High Waisted Bottom","author":"jabamo90","date":"agosto 16, 2022","format":false,"excerpt":"Introducing our \"High Waisted Bottom\" - one of our top selling swimwear bottoms! Made with high-quality lycra fabric, this bottom comes in multiple colors to choose from. Designed to make you feel confident and comfortable, this swimwear cut features a stylish high-waisted design that flatters your figure and keeps you\u2026","rel":"","context":"Entrada similar ","block_context":{"text":"Entrada similar ","link":""},"img":{"alt_text":"","src":"","width":0,"height":0},"classes":[]},{"id":6297,"url":"https:\/\/paocastro.com\/es\/producto\/valeria-square-top\/","url_meta":{"origin":362,"position":4},"title":"Valeria Square Top","author":"jabamo90","date":"marzo 31, 2023","format":false,"excerpt":"Get ready to turn heads with our \"Valeria Square Top\"! This handcrafted swimwear top is designed and made in Costa Rica using high-quality lycra fabric that is both comfortable and durable. The top's unique square shape and stylish straps make it stand out from the crowd, and it comes in\u2026","rel":"","context":"Entrada similar ","block_context":{"text":"Entrada similar ","link":""},"img":{"alt_text":"","src":"https:\/\/i0.wp.com\/paocastro.com\/wp-content\/uploads\/2023\/03\/PrimerDropWeb-18.jpg?fit=857%2C1200&ssl=1&resize=350%2C200","width":350,"height":200,"srcset":"https:\/\/i0.wp.com\/paocastro.com\/wp-content\/uploads\/2023\/03\/PrimerDropWeb-18.jpg?fit=857%2C1200&ssl=1&resize=350%2C200 1x, https:\/\/i0.wp.com\/paocastro.com\/wp-content\/uploads\/2023\/03\/PrimerDropWeb-18.jpg?fit=857%2C1200&ssl=1&resize=525%2C300 1.5x, https:\/\/i0.wp.com\/paocastro.com\/wp-content\/uploads\/2023\/03\/PrimerDropWeb-18.jpg?fit=857%2C1200&ssl=1&resize=700%2C400 2x"},"classes":[]},{"id":6277,"url":"https:\/\/paocastro.com\/es\/producto\/2-twist-top\/","url_meta":{"origin":362,"position":5},"title":"Double Twist Top","author":"jabamo90","date":"marzo 31, 2023","format":false,"excerpt":"Introducing our stunning \"Double Twist Top\", a must-have for any swimwear collection. This beautiful top is made of high-quality lycra fabric and is available in multiple colors to choose from. It features a unique double knot design in the front, which beautifully highlights the wearer's body. Perfect for a day\u2026","rel":"","context":"Entrada similar ","block_context":{"text":"Entrada similar ","link":""},"img":{"alt_text":"","src":"https:\/\/i0.wp.com\/paocastro.com\/wp-content\/uploads\/2023\/03\/PrimerDropWeb-71.jpg?fit=857%2C1200&ssl=1&resize=350%2C200","width":350,"height":200,"srcset":"https:\/\/i0.wp.com\/paocastro.com\/wp-content\/uploads\/2023\/03\/PrimerDropWeb-71.jpg?fit=857%2C1200&ssl=1&resize=350%2C200 1x, https:\/\/i0.wp.com\/paocastro.com\/wp-content\/uploads\/2023\/03\/PrimerDropWeb-71.jpg?fit=857%2C1200&ssl=1&resize=525%2C300 1.5x, https:\/\/i0.wp.com\/paocastro.com\/wp-content\/uploads\/2023\/03\/PrimerDropWeb-71.jpg?fit=857%2C1200&ssl=1&resize=700%2C400 2x"},"classes":[]}],"jetpack_sharing_enabled":true,"_links":{"self":[{"href":"https:\/\/paocastro.com\/es\/wp-json\/wp\/v2\/product\/362","targetHints":{"allow":["GET"]}}],"collection":[{"href":"https:\/\/paocastro.com\/es\/wp-json\/wp\/v2\/product"}],"about":[{"href":"https:\/\/paocastro.com\/es\/wp-json\/wp\/v2\/types\/product"}],"replies":[{"embeddable":true,"href":"https:\/\/paocastro.com\/es\/wp-json\/wp\/v2\/comments?post=362"}],"version-history":[{"count":1,"href":"https:\/\/paocastro.com\/es\/wp-json\/wp\/v2\/product\/362\/revisions"}],"predecessor-version":[{"id":7392,"href":"https:\/\/paocastro.com\/es\/wp-json\/wp\/v2\/product\/362\/revisions\/7392"}],"wp:featuredmedia":[{"embeddable":true,"href":"https:\/\/paocastro.com\/es\/wp-json\/wp\/v2\/media\/7397"}],"wp:attachment":[{"href":"https:\/\/paocastro.com\/es\/wp-json\/wp\/v2\/media?parent=362"}],"wp:term":[{"taxonomy":"product_brand","embeddable":true,"href":"https:\/\/paocastro.com\/es\/wp-json\/wp\/v2\/product_brand?post=362"},{"taxonomy":"product_cat","embeddable":true,"href":"https:\/\/paocastro.com\/es\/wp-json\/wp\/v2\/product_cat?post=362"},{"taxonomy":"product_tag","embeddable":true,"href":"https:\/\/paocastro.com\/es\/wp-json\/wp\/v2\/product_tag?post=362"}],"curies":[{"name":"wp","href":"https:\/\/api.w.org\/{rel}","templated":true}]}}