{"id":6813,"date":"2024-04-07T21:08:10","date_gmt":"2024-04-07T21:08:10","guid":{"rendered":"https:\/\/paocastro.com\/?post_type=product&#038;p=6813"},"modified":"2024-09-25T04:24:27","modified_gmt":"2024-09-25T04:24:27","slug":"caribe-bottom-mix","status":"publish","type":"product","link":"https:\/\/paocastro.com\/es\/producto\/caribe-bottom-mix\/","title":{"rendered":"Caribe Bottom Mix"},"content":{"rendered":"","protected":false},"excerpt":{"rendered":"","protected":false},"featured_media":6730,"comment_status":"open","ping_status":"closed","template":"","meta":{"_monsterinsights_skip_tracking":false,"_monsterinsights_sitenote_active":false,"_monsterinsights_sitenote_note":"","_monsterinsights_sitenote_category":0,"site-sidebar-layout":"default","site-content-layout":"default","ast-site-content-layout":"default","site-content-style":"default","site-sidebar-style":"default","ast-global-header-display":"","ast-banner-title-visibility":"","ast-main-header-display":"","ast-hfb-above-header-display":"","ast-hfb-below-header-display":"","ast-hfb-mobile-header-display":"","site-post-title":"","ast-breadcrumbs-content":"","ast-featured-img":"","footer-sml-layout":"","theme-transparent-header-meta":"default","adv-header-id-meta":"","stick-header-meta":"","header-above-stick-meta":"","header-main-stick-meta":"","header-below-stick-meta":"","astra-migrate-meta-layouts":"set","ast-page-background-enabled":"default","ast-page-background-meta":{"desktop":{"background-color":"","background-image":"","background-repeat":"repeat","background-position":"center center","background-size":"auto","background-attachment":"scroll","background-type":"","background-media":"","overlay-type":"","overlay-color":"","overlay-opacity":"","overlay-gradient":""},"tablet":{"background-color":"","background-image":"","background-repeat":"repeat","background-position":"center center","background-size":"auto","background-attachment":"scroll","background-type":"","background-media":"","overlay-type":"","overlay-color":"","overlay-opacity":"","overlay-gradient":""},"mobile":{"background-color":"","background-image":"","background-repeat":"repeat","background-position":"center center","background-size":"auto","background-attachment":"scroll","background-type":"","background-media":"","overlay-type":"","overlay-color":"","overlay-opacity":"","overlay-gradient":""}},"ast-content-background-meta":{"desktop":{"background-color":"var(--ast-global-color-5)","background-image":"","background-repeat":"repeat","background-position":"center center","background-size":"auto","background-attachment":"scroll","background-type":"","background-media":"","overlay-type":"","overlay-color":"","overlay-opacity":"","overlay-gradient":""},"tablet":{"background-color":"var(--ast-global-color-5)","background-image":"","background-repeat":"repeat","background-position":"center center","background-size":"auto","background-attachment":"scroll","background-type":"","background-media":"","overlay-type":"","overlay-color":"","overlay-opacity":"","overlay-gradient":""},"mobile":{"background-color":"var(--ast-global-color-5)","background-image":"","background-repeat":"repeat","background-position":"center center","background-size":"auto","background-attachment":"scroll","background-type":"","background-media":"","overlay-type":"","overlay-color":"","overlay-opacity":"","overlay-gradient":""}},"advanced_seo_description":"","jetpack_seo_html_title":"","jetpack_seo_noindex":false,"jetpack_publicize_message":"","jetpack_publicize_feature_enabled":true,"jetpack_social_post_already_shared":true,"jetpack_social_options":{"image_generator_settings":{"template":"highway","default_image_id":0,"font":"","enabled":false},"version":2}},"product_brand":[],"product_cat":[71,69,57],"product_tag":[],"class_list":{"0":"post-6813","1":"product","2":"type-product","3":"status-publish","4":"has-post-thumbnail","6":"product_cat-bottoms","7":"product_cat-new-collection","8":"product_cat-swimwear","9":"desktop-align-left","10":"tablet-align-left","11":"mobile-align-left","13":"first","14":"instock","15":"shipping-taxable","16":"purchasable","17":"product-type-variable"},"jetpack_publicize_connections":[],"jetpack-related-posts":[{"id":362,"url":"https:\/\/paocastro.com\/es\/producto\/caribe-bottom\/","url_meta":{"origin":6813,"position":0},"title":"Caribe Bottom","author":"jabamo90","date":"diciembre 21, 2017","format":false,"excerpt":"\"Caribe Bottom\": Our top-selling swimwear bottom is made of high-quality lycra fabric and comes in a variety of colors to choose from. This beautiful bottom is available in three different butt coverage options: cheeky, brazilian, and medium cut, making it perfect for any preference.","rel":"","context":"Entrada similar ","block_context":{"text":"Entrada similar ","link":""},"img":{"alt_text":"","src":"https:\/\/i0.wp.com\/paocastro.com\/wp-content\/uploads\/2025\/01\/WhatsApp-Image-2025-01-02-at-12.49.58%E2%80%AFp.-m.-1.jpeg?fit=800%2C1200&ssl=1&resize=350%2C200","width":350,"height":200,"srcset":"https:\/\/i0.wp.com\/paocastro.com\/wp-content\/uploads\/2025\/01\/WhatsApp-Image-2025-01-02-at-12.49.58%E2%80%AFp.-m.-1.jpeg?fit=800%2C1200&ssl=1&resize=350%2C200 1x, https:\/\/i0.wp.com\/paocastro.com\/wp-content\/uploads\/2025\/01\/WhatsApp-Image-2025-01-02-at-12.49.58%E2%80%AFp.-m.-1.jpeg?fit=800%2C1200&ssl=1&resize=525%2C300 1.5x, https:\/\/i0.wp.com\/paocastro.com\/wp-content\/uploads\/2025\/01\/WhatsApp-Image-2025-01-02-at-12.49.58%E2%80%AFp.-m.-1.jpeg?fit=800%2C1200&ssl=1&resize=700%2C400 2x"},"classes":[]},{"id":7487,"url":"https:\/\/paocastro.com\/es\/producto\/vicky-print\/","url_meta":{"origin":6813,"position":1},"title":"VICKY PRINT","author":"Paola Castro","date":"marzo 24, 2026","format":false,"excerpt":"Nuestro Winter top cl\u00e1sico & caribe bottom en un textil corrugado, con detalles en un el\u00e1stico bordado para resaltar y dar un fit incre\u00edble. El top incluye tirantes ajustables, recogido en busto y detalle de piedras blancas. Un dise\u00f1o EDICI\u00d3N LIMITADA.","rel":"","context":"Entrada similar ","block_context":{"text":"Entrada similar ","link":""},"img":{"alt_text":"","src":"https:\/\/i0.wp.com\/paocastro.com\/wp-content\/uploads\/2026\/03\/img_7687-1-scaled.jpeg?fit=1037%2C1200&ssl=1&resize=350%2C200","width":350,"height":200,"srcset":"https:\/\/i0.wp.com\/paocastro.com\/wp-content\/uploads\/2026\/03\/img_7687-1-scaled.jpeg?fit=1037%2C1200&ssl=1&resize=350%2C200 1x, https:\/\/i0.wp.com\/paocastro.com\/wp-content\/uploads\/2026\/03\/img_7687-1-scaled.jpeg?fit=1037%2C1200&ssl=1&resize=525%2C300 1.5x, https:\/\/i0.wp.com\/paocastro.com\/wp-content\/uploads\/2026\/03\/img_7687-1-scaled.jpeg?fit=1037%2C1200&ssl=1&resize=700%2C400 2x"},"classes":[]},{"id":7053,"url":"https:\/\/paocastro.com\/es\/producto\/lace-dress\/","url_meta":{"origin":6813,"position":2},"title":"Lace Dress","author":"jabamo90","date":"septiembre 3, 2024","format":false,"excerpt":"We created this design to have a more daring piece, so it is completely transparent, with gathering at the bust, Bardot cut. We combine it with Caribe bottom, but you can choose it fully lined.","rel":"","context":"Entrada similar ","block_context":{"text":"Entrada similar ","link":""},"img":{"alt_text":"","src":"https:\/\/i0.wp.com\/paocastro.com\/wp-content\/uploads\/2024\/08\/CiaoAmoreAgostoWeb-17-scaled.jpg?fit=857%2C1200&ssl=1&resize=350%2C200","width":350,"height":200,"srcset":"https:\/\/i0.wp.com\/paocastro.com\/wp-content\/uploads\/2024\/08\/CiaoAmoreAgostoWeb-17-scaled.jpg?fit=857%2C1200&ssl=1&resize=350%2C200 1x, https:\/\/i0.wp.com\/paocastro.com\/wp-content\/uploads\/2024\/08\/CiaoAmoreAgostoWeb-17-scaled.jpg?fit=857%2C1200&ssl=1&resize=525%2C300 1.5x, https:\/\/i0.wp.com\/paocastro.com\/wp-content\/uploads\/2024\/08\/CiaoAmoreAgostoWeb-17-scaled.jpg?fit=857%2C1200&ssl=1&resize=700%2C400 2x"},"classes":[]},{"id":6305,"url":"https:\/\/paocastro.com\/es\/producto\/abbie-bottom\/","url_meta":{"origin":6813,"position":3},"title":"Abbie Bottom","author":"jabamo90","date":"marzo 31, 2023","format":false,"excerpt":"Introducing the \"Abbie Bottom\" - the perfect swimwear bottom for those looking for a unique and exclusive design. Handmade and designed in Costa Rica by the passionate fashion designer Pao Castro, this bottom is made of high-quality lycra fabric and comes in a variety of stunning colors to choose from.\u2026","rel":"","context":"Entrada similar ","block_context":{"text":"Entrada similar ","link":""},"img":{"alt_text":"","src":"https:\/\/i0.wp.com\/paocastro.com\/wp-content\/uploads\/2023\/03\/PrimerDropWeb-80-scaled.jpg?fit=857%2C1200&ssl=1&resize=350%2C200","width":350,"height":200,"srcset":"https:\/\/i0.wp.com\/paocastro.com\/wp-content\/uploads\/2023\/03\/PrimerDropWeb-80-scaled.jpg?fit=857%2C1200&ssl=1&resize=350%2C200 1x, https:\/\/i0.wp.com\/paocastro.com\/wp-content\/uploads\/2023\/03\/PrimerDropWeb-80-scaled.jpg?fit=857%2C1200&ssl=1&resize=525%2C300 1.5x, https:\/\/i0.wp.com\/paocastro.com\/wp-content\/uploads\/2023\/03\/PrimerDropWeb-80-scaled.jpg?fit=857%2C1200&ssl=1&resize=700%2C400 2x"},"classes":[]},{"id":4959,"url":"https:\/\/paocastro.com\/es\/producto\/chiquita-bottom\/","url_meta":{"origin":6813,"position":4},"title":"Chiquita Bottom","author":"jabamo90","date":"agosto 14, 2022","format":false,"excerpt":"","rel":"","context":"Entrada similar ","block_context":{"text":"Entrada similar ","link":""},"img":{"alt_text":"","src":"https:\/\/i0.wp.com\/paocastro.com\/wp-content\/uploads\/2022\/08\/Chiquita4-scaled.jpeg?fit=960%2C1200&ssl=1&resize=350%2C200","width":350,"height":200,"srcset":"https:\/\/i0.wp.com\/paocastro.com\/wp-content\/uploads\/2022\/08\/Chiquita4-scaled.jpeg?fit=960%2C1200&ssl=1&resize=350%2C200 1x, https:\/\/i0.wp.com\/paocastro.com\/wp-content\/uploads\/2022\/08\/Chiquita4-scaled.jpeg?fit=960%2C1200&ssl=1&resize=525%2C300 1.5x, https:\/\/i0.wp.com\/paocastro.com\/wp-content\/uploads\/2022\/08\/Chiquita4-scaled.jpeg?fit=960%2C1200&ssl=1&resize=700%2C400 2x"},"classes":[]},{"id":7410,"url":"https:\/\/paocastro.com\/es\/producto\/spicy-red-bottoms\/","url_meta":{"origin":6813,"position":5},"title":"Spicy Red &#8211; Bottoms","author":"jabamo90","date":"enero 17, 2025","format":false,"excerpt":"We create some incredible designs to combine according to the fit you prefer. 3 spicy red tops & bottoms. Caribbean Bottom Your favorite, always the classic cut. Strappy Bottom Our perfect bikini for slim lines fully adjustable.","rel":"","context":"Entrada similar ","block_context":{"text":"Entrada similar ","link":""},"img":{"alt_text":"","src":"https:\/\/i0.wp.com\/paocastro.com\/wp-content\/uploads\/2025\/01\/WhatsApp-Image-2025-01-17-at-9.54.21%E2%80%AFa.-m.-3.jpeg?fit=1076%2C1200&ssl=1&resize=350%2C200","width":350,"height":200,"srcset":"https:\/\/i0.wp.com\/paocastro.com\/wp-content\/uploads\/2025\/01\/WhatsApp-Image-2025-01-17-at-9.54.21%E2%80%AFa.-m.-3.jpeg?fit=1076%2C1200&ssl=1&resize=350%2C200 1x, https:\/\/i0.wp.com\/paocastro.com\/wp-content\/uploads\/2025\/01\/WhatsApp-Image-2025-01-17-at-9.54.21%E2%80%AFa.-m.-3.jpeg?fit=1076%2C1200&ssl=1&resize=525%2C300 1.5x, https:\/\/i0.wp.com\/paocastro.com\/wp-content\/uploads\/2025\/01\/WhatsApp-Image-2025-01-17-at-9.54.21%E2%80%AFa.-m.-3.jpeg?fit=1076%2C1200&ssl=1&resize=700%2C400 2x, https:\/\/i0.wp.com\/paocastro.com\/wp-content\/uploads\/2025\/01\/WhatsApp-Image-2025-01-17-at-9.54.21%E2%80%AFa.-m.-3.jpeg?fit=1076%2C1200&ssl=1&resize=1050%2C600 3x"},"classes":[]}],"jetpack_sharing_enabled":true,"_links":{"self":[{"href":"https:\/\/paocastro.com\/es\/wp-json\/wp\/v2\/product\/6813","targetHints":{"allow":["GET"]}}],"collection":[{"href":"https:\/\/paocastro.com\/es\/wp-json\/wp\/v2\/product"}],"about":[{"href":"https:\/\/paocastro.com\/es\/wp-json\/wp\/v2\/types\/product"}],"replies":[{"embeddable":true,"href":"https:\/\/paocastro.com\/es\/wp-json\/wp\/v2\/comments?post=6813"}],"version-history":[{"count":1,"href":"https:\/\/paocastro.com\/es\/wp-json\/wp\/v2\/product\/6813\/revisions"}],"predecessor-version":[{"id":7332,"href":"https:\/\/paocastro.com\/es\/wp-json\/wp\/v2\/product\/6813\/revisions\/7332"}],"wp:featuredmedia":[{"embeddable":true,"href":"https:\/\/paocastro.com\/es\/wp-json\/wp\/v2\/media\/6730"}],"wp:attachment":[{"href":"https:\/\/paocastro.com\/es\/wp-json\/wp\/v2\/media?parent=6813"}],"wp:term":[{"taxonomy":"product_brand","embeddable":true,"href":"https:\/\/paocastro.com\/es\/wp-json\/wp\/v2\/product_brand?post=6813"},{"taxonomy":"product_cat","embeddable":true,"href":"https:\/\/paocastro.com\/es\/wp-json\/wp\/v2\/product_cat?post=6813"},{"taxonomy":"product_tag","embeddable":true,"href":"https:\/\/paocastro.com\/es\/wp-json\/wp\/v2\/product_tag?post=6813"}],"curies":[{"name":"wp","href":"https:\/\/api.w.org\/{rel}","templated":true}]}}