{"id":7206,"date":"2024-09-04T23:41:39","date_gmt":"2024-09-04T23:41:39","guid":{"rendered":"https:\/\/paocastro.com\/?post_type=product&#038;p=7206"},"modified":"2025-08-05T03:00:28","modified_gmt":"2025-08-05T03:00:28","slug":"asymmetric-skirt-with-pleats","status":"publish","type":"product","link":"https:\/\/paocastro.com\/es\/producto\/asymmetric-skirt-with-pleats\/","title":{"rendered":"Asymmetric Skirt with Pleats"},"content":{"rendered":"<p>ANIMAL PRINT MIX AND MATCH<br \/>\n4 different pieces, 4 options to combine with each other or individually. In leopard, which is our favorite animal print. The quality of this textile is magical. It adjusts to the body giving compression and a lot of support. Together or apart, yes or yes, it is one of the essentials for us this season.<\/p>","protected":false},"excerpt":{"rendered":"<p>ANIMAL PRINT MIX AND MATCH 4 different pieces, 4 options to combine with each other or individually. In leopard, which is our favorite animal print. The quality of this textile is magical. It adjusts to the body giving compression and a lot of support. Together or apart, yes or yes, it is one of the [&hellip;]<\/p>\n","protected":false},"featured_media":6988,"comment_status":"open","ping_status":"closed","template":"","meta":{"_monsterinsights_skip_tracking":false,"_monsterinsights_sitenote_active":false,"_monsterinsights_sitenote_note":"","_monsterinsights_sitenote_category":0,"site-sidebar-layout":"default","site-content-layout":"default","ast-site-content-layout":"default","site-content-style":"default","site-sidebar-style":"default","ast-global-header-display":"","ast-banner-title-visibility":"","ast-main-header-display":"","ast-hfb-above-header-display":"","ast-hfb-below-header-display":"","ast-hfb-mobile-header-display":"","site-post-title":"","ast-breadcrumbs-content":"","ast-featured-img":"","footer-sml-layout":"","theme-transparent-header-meta":"default","adv-header-id-meta":"","stick-header-meta":"","header-above-stick-meta":"","header-main-stick-meta":"","header-below-stick-meta":"","astra-migrate-meta-layouts":"set","ast-page-background-enabled":"default","ast-page-background-meta":{"desktop":{"background-color":"","background-image":"","background-repeat":"repeat","background-position":"center center","background-size":"auto","background-attachment":"scroll","background-type":"","background-media":"","overlay-type":"","overlay-color":"","overlay-opacity":"","overlay-gradient":""},"tablet":{"background-color":"","background-image":"","background-repeat":"repeat","background-position":"center center","background-size":"auto","background-attachment":"scroll","background-type":"","background-media":"","overlay-type":"","overlay-color":"","overlay-opacity":"","overlay-gradient":""},"mobile":{"background-color":"","background-image":"","background-repeat":"repeat","background-position":"center center","background-size":"auto","background-attachment":"scroll","background-type":"","background-media":"","overlay-type":"","overlay-color":"","overlay-opacity":"","overlay-gradient":""}},"ast-content-background-meta":{"desktop":{"background-color":"var(--ast-global-color-5)","background-image":"","background-repeat":"repeat","background-position":"center center","background-size":"auto","background-attachment":"scroll","background-type":"","background-media":"","overlay-type":"","overlay-color":"","overlay-opacity":"","overlay-gradient":""},"tablet":{"background-color":"var(--ast-global-color-5)","background-image":"","background-repeat":"repeat","background-position":"center center","background-size":"auto","background-attachment":"scroll","background-type":"","background-media":"","overlay-type":"","overlay-color":"","overlay-opacity":"","overlay-gradient":""},"mobile":{"background-color":"var(--ast-global-color-5)","background-image":"","background-repeat":"repeat","background-position":"center center","background-size":"auto","background-attachment":"scroll","background-type":"","background-media":"","overlay-type":"","overlay-color":"","overlay-opacity":"","overlay-gradient":""}},"advanced_seo_description":"","jetpack_seo_html_title":"","jetpack_seo_noindex":false,"jetpack_publicize_message":"","jetpack_publicize_feature_enabled":true,"jetpack_social_post_already_shared":true,"jetpack_social_options":{"image_generator_settings":{"template":"highway","default_image_id":0,"font":"","enabled":false},"version":2}},"product_brand":[],"product_cat":[224,225,69],"product_tag":[],"class_list":{"0":"post-7206","1":"product","2":"type-product","3":"status-publish","4":"has-post-thumbnail","6":"product_cat-ciao-amore","7":"product_cat-designer","8":"product_cat-new-collection","9":"desktop-align-left","10":"tablet-align-left","11":"mobile-align-left","13":"first","14":"outofstock","15":"shipping-taxable","16":"purchasable","17":"product-type-variable"},"jetpack_publicize_connections":[],"jetpack-related-posts":[{"id":7191,"url":"https:\/\/paocastro.com\/es\/producto\/asimetric-top-strapless\/","url_meta":{"origin":7206,"position":0},"title":"Asimetric Top Strapless","author":"jabamo90","date":"septiembre 4, 2024","format":false,"excerpt":"ANIMAL PRINT MIX AND MATCH 4 different pieces, 4 options to combine with each other or individually. In leopard, which is our favorite animal print. The quality of this textile is magical. It adjusts to the body giving compression and a lot of support. Together or apart, yes or yes,\u2026","rel":"","context":"Entrada similar ","block_context":{"text":"Entrada similar ","link":""},"img":{"alt_text":"","src":"https:\/\/i0.wp.com\/paocastro.com\/wp-content\/uploads\/2024\/08\/CiaoAmoreAgostoWeb-120-scaled.jpg?fit=857%2C1200&ssl=1&resize=350%2C200","width":350,"height":200,"srcset":"https:\/\/i0.wp.com\/paocastro.com\/wp-content\/uploads\/2024\/08\/CiaoAmoreAgostoWeb-120-scaled.jpg?fit=857%2C1200&ssl=1&resize=350%2C200 1x, https:\/\/i0.wp.com\/paocastro.com\/wp-content\/uploads\/2024\/08\/CiaoAmoreAgostoWeb-120-scaled.jpg?fit=857%2C1200&ssl=1&resize=525%2C300 1.5x, https:\/\/i0.wp.com\/paocastro.com\/wp-content\/uploads\/2024\/08\/CiaoAmoreAgostoWeb-120-scaled.jpg?fit=857%2C1200&ssl=1&resize=700%2C400 2x"},"classes":[]},{"id":7196,"url":"https:\/\/paocastro.com\/es\/producto\/adjustable-gathered-skirt\/","url_meta":{"origin":7206,"position":1},"title":"Adjustable Gathered Skirt","author":"jabamo90","date":"septiembre 4, 2024","format":false,"excerpt":"ANIMAL PRINT MIX AND MATCH 4 different pieces, 4 options to combine with each other or individually. In leopard, which is our favorite animal print. The quality of this textile is magical. It adjusts to the body giving compression and a lot of support. Together or apart, yes or yes,\u2026","rel":"","context":"Entrada similar ","block_context":{"text":"Entrada similar ","link":""},"img":{"alt_text":"","src":"https:\/\/i0.wp.com\/paocastro.com\/wp-content\/uploads\/2024\/08\/CiaoAmoreAgostoWeb-118-scaled.jpg?fit=857%2C1200&ssl=1&resize=350%2C200","width":350,"height":200,"srcset":"https:\/\/i0.wp.com\/paocastro.com\/wp-content\/uploads\/2024\/08\/CiaoAmoreAgostoWeb-118-scaled.jpg?fit=857%2C1200&ssl=1&resize=350%2C200 1x, https:\/\/i0.wp.com\/paocastro.com\/wp-content\/uploads\/2024\/08\/CiaoAmoreAgostoWeb-118-scaled.jpg?fit=857%2C1200&ssl=1&resize=525%2C300 1.5x, https:\/\/i0.wp.com\/paocastro.com\/wp-content\/uploads\/2024\/08\/CiaoAmoreAgostoWeb-118-scaled.jpg?fit=857%2C1200&ssl=1&resize=700%2C400 2x"},"classes":[]},{"id":7201,"url":"https:\/\/paocastro.com\/es\/producto\/drop-shoulder-top\/","url_meta":{"origin":7206,"position":2},"title":"Drop Shoulder Top","author":"jabamo90","date":"septiembre 4, 2024","format":false,"excerpt":"ANIMAL PRINT MIX AND MATCH 4 different pieces, 4 options to combine with each other or individually. In leopard, which is our favorite animal print. The quality of this textile is magical. It adjusts to the body giving compression and a lot of support. Together or apart, yes or yes,\u2026","rel":"","context":"Entrada similar ","block_context":{"text":"Entrada similar ","link":""},"img":{"alt_text":"","src":"https:\/\/i0.wp.com\/paocastro.com\/wp-content\/uploads\/2024\/08\/CiaoAmoreAgostoWeb-113-scaled.jpg?fit=960%2C1200&ssl=1&resize=350%2C200","width":350,"height":200,"srcset":"https:\/\/i0.wp.com\/paocastro.com\/wp-content\/uploads\/2024\/08\/CiaoAmoreAgostoWeb-113-scaled.jpg?fit=960%2C1200&ssl=1&resize=350%2C200 1x, https:\/\/i0.wp.com\/paocastro.com\/wp-content\/uploads\/2024\/08\/CiaoAmoreAgostoWeb-113-scaled.jpg?fit=960%2C1200&ssl=1&resize=525%2C300 1.5x, https:\/\/i0.wp.com\/paocastro.com\/wp-content\/uploads\/2024\/08\/CiaoAmoreAgostoWeb-113-scaled.jpg?fit=960%2C1200&ssl=1&resize=700%2C400 2x"},"classes":[]},{"id":7487,"url":"https:\/\/paocastro.com\/es\/producto\/vicky-print\/","url_meta":{"origin":7206,"position":3},"title":"VICKY PRINT","author":"Paola Castro","date":"marzo 24, 2026","format":false,"excerpt":"Nuestro Winter top cl\u00e1sico & caribe bottom en un textil corrugado, con detalles en un el\u00e1stico bordado para resaltar y dar un fit incre\u00edble. El top incluye tirantes ajustables, recogido en busto y detalle de piedras blancas. Un dise\u00f1o EDICI\u00d3N LIMITADA.","rel":"","context":"Entrada similar ","block_context":{"text":"Entrada similar ","link":""},"img":{"alt_text":"","src":"https:\/\/i0.wp.com\/paocastro.com\/wp-content\/uploads\/2026\/03\/img_7687-1-scaled.jpeg?fit=1037%2C1200&ssl=1&resize=350%2C200","width":350,"height":200,"srcset":"https:\/\/i0.wp.com\/paocastro.com\/wp-content\/uploads\/2026\/03\/img_7687-1-scaled.jpeg?fit=1037%2C1200&ssl=1&resize=350%2C200 1x, https:\/\/i0.wp.com\/paocastro.com\/wp-content\/uploads\/2026\/03\/img_7687-1-scaled.jpeg?fit=1037%2C1200&ssl=1&resize=525%2C300 1.5x, https:\/\/i0.wp.com\/paocastro.com\/wp-content\/uploads\/2026\/03\/img_7687-1-scaled.jpeg?fit=1037%2C1200&ssl=1&resize=700%2C400 2x"},"classes":[]},{"id":7359,"url":"https:\/\/paocastro.com\/es\/producto\/mini-triangle-strappy-set\/","url_meta":{"origin":7206,"position":4},"title":"Mini Triangle &#038; Strappy Set","author":"jabamo90","date":"noviembre 7, 2024","format":false,"excerpt":"We love this set, the adjustable bust fit to fit naturally and the strappy mini adjustable on the sides. A trendy print and red lines to highlight it. Seasonal must-have!","rel":"","context":"Entrada similar ","block_context":{"text":"Entrada similar ","link":""},"img":{"alt_text":"","src":"https:\/\/i0.wp.com\/paocastro.com\/wp-content\/uploads\/2024\/11\/WhatsApp-Image-2024-11-06-at-9.58.39%E2%80%AFp.-m.jpeg?fit=900%2C1200&ssl=1&resize=350%2C200","width":350,"height":200,"srcset":"https:\/\/i0.wp.com\/paocastro.com\/wp-content\/uploads\/2024\/11\/WhatsApp-Image-2024-11-06-at-9.58.39%E2%80%AFp.-m.jpeg?fit=900%2C1200&ssl=1&resize=350%2C200 1x, https:\/\/i0.wp.com\/paocastro.com\/wp-content\/uploads\/2024\/11\/WhatsApp-Image-2024-11-06-at-9.58.39%E2%80%AFp.-m.jpeg?fit=900%2C1200&ssl=1&resize=525%2C300 1.5x, https:\/\/i0.wp.com\/paocastro.com\/wp-content\/uploads\/2024\/11\/WhatsApp-Image-2024-11-06-at-9.58.39%E2%80%AFp.-m.jpeg?fit=900%2C1200&ssl=1&resize=700%2C400 2x"},"classes":[]},{"id":7153,"url":"https:\/\/paocastro.com\/es\/producto\/fiori-primaverili-limited-edition\/","url_meta":{"origin":7206,"position":5},"title":"Fiori Primaverili **LIMITED EDITION**","author":"jabamo90","date":"septiembre 4, 2024","format":false,"excerpt":"This is one of my favorite dresses, I think it's an incredible combination of design and print. It manages to reflect and represent exactly the feeling of spring\/summer.The dress is made of mesh lined with mesh fabric to leave free options for combining.","rel":"","context":"Entrada similar ","block_context":{"text":"Entrada similar ","link":""},"img":{"alt_text":"","src":"https:\/\/i0.wp.com\/paocastro.com\/wp-content\/uploads\/2024\/08\/CiaoAmoreAgostoWeb-29-scaled.jpg?fit=857%2C1200&ssl=1&resize=350%2C200","width":350,"height":200,"srcset":"https:\/\/i0.wp.com\/paocastro.com\/wp-content\/uploads\/2024\/08\/CiaoAmoreAgostoWeb-29-scaled.jpg?fit=857%2C1200&ssl=1&resize=350%2C200 1x, https:\/\/i0.wp.com\/paocastro.com\/wp-content\/uploads\/2024\/08\/CiaoAmoreAgostoWeb-29-scaled.jpg?fit=857%2C1200&ssl=1&resize=525%2C300 1.5x, https:\/\/i0.wp.com\/paocastro.com\/wp-content\/uploads\/2024\/08\/CiaoAmoreAgostoWeb-29-scaled.jpg?fit=857%2C1200&ssl=1&resize=700%2C400 2x"},"classes":[]}],"jetpack_sharing_enabled":true,"_links":{"self":[{"href":"https:\/\/paocastro.com\/es\/wp-json\/wp\/v2\/product\/7206","targetHints":{"allow":["GET"]}}],"collection":[{"href":"https:\/\/paocastro.com\/es\/wp-json\/wp\/v2\/product"}],"about":[{"href":"https:\/\/paocastro.com\/es\/wp-json\/wp\/v2\/types\/product"}],"replies":[{"embeddable":true,"href":"https:\/\/paocastro.com\/es\/wp-json\/wp\/v2\/comments?post=7206"}],"version-history":[{"count":1,"href":"https:\/\/paocastro.com\/es\/wp-json\/wp\/v2\/product\/7206\/revisions"}],"predecessor-version":[{"id":7210,"href":"https:\/\/paocastro.com\/es\/wp-json\/wp\/v2\/product\/7206\/revisions\/7210"}],"wp:featuredmedia":[{"embeddable":true,"href":"https:\/\/paocastro.com\/es\/wp-json\/wp\/v2\/media\/6988"}],"wp:attachment":[{"href":"https:\/\/paocastro.com\/es\/wp-json\/wp\/v2\/media?parent=7206"}],"wp:term":[{"taxonomy":"product_brand","embeddable":true,"href":"https:\/\/paocastro.com\/es\/wp-json\/wp\/v2\/product_brand?post=7206"},{"taxonomy":"product_cat","embeddable":true,"href":"https:\/\/paocastro.com\/es\/wp-json\/wp\/v2\/product_cat?post=7206"},{"taxonomy":"product_tag","embeddable":true,"href":"https:\/\/paocastro.com\/es\/wp-json\/wp\/v2\/product_tag?post=7206"}],"curies":[{"name":"wp","href":"https:\/\/api.w.org\/{rel}","templated":true}]}}